{"id":3827,"date":"2021-11-12T15:17:54","date_gmt":"2021-11-12T15:17:54","guid":{"rendered":"https:\/\/avadawebsites.wpengine.com\/classic\/?page_id=3827"},"modified":"2026-03-26T06:30:12","modified_gmt":"2026-03-26T06:30:12","slug":"about","status":"publish","type":"page","link":"https:\/\/xjenzamalta.mt\/mt\/about\/","title":{"rendered":"Dwarna"},"content":{"rendered":"<p><div class=\"fusion-fullwidth fullwidth-box fusion-builder-row-1 fusion-flex-container nonhundred-percent-fullwidth non-hundred-percent-height-scrolling fusion-animated\" style=\"--awb-border-radius-top-left:0px;--awb-border-radius-top-right:0px;--awb-border-radius-bottom-right:0px;--awb-border-radius-bottom-left:0px;--awb-margin-bottom:120px;--awb-margin-bottom-medium:80px;--awb-margin-bottom-small:60px;--awb-flex-wrap:wrap;\" data-animationtype=\"fadeInUp\" data-animationduration=\"1.3\" data-animationoffset=\"top-into-view\" ><div class=\"fusion-builder-row fusion-row fusion-flex-align-items-center fusion-flex-content-wrap\" style=\"max-width:1216.8px;margin-left: calc(-4% \/ 2 );margin-right: calc(-4% \/ 2 );\"><div class=\"fusion-layout-column fusion_builder_column fusion-builder-column-0 fusion-flex-column fusion-flex-align-self-flex-start\" style=\"--awb-bg-blend:overlay;--awb-bg-size:cover;--awb-width-large:40%;--awb-margin-top-large:0px;--awb-spacing-right-large:3.84%;--awb-margin-bottom-large:0px;--awb-spacing-left-large:4.8%;--awb-width-medium:40%;--awb-order-medium:0;--awb-spacing-right-medium:3.84%;--awb-spacing-left-medium:4.8%;--awb-width-small:100%;--awb-order-small:0;--awb-spacing-right-small:1.92%;--awb-margin-bottom-small:15px;--awb-spacing-left-small:1.92%;\" data-scroll-devices=\"small-visibility,medium-visibility,large-visibility\"><div class=\"fusion-column-wrapper fusion-column-has-shadow fusion-flex-justify-content-flex-start fusion-content-layout-column\"><div class=\"fusion-text fusion-text-1\" style=\"--awb-font-size:var(--awb-typography2-font-size);--awb-line-height:var(--awb-typography2-line-height);--awb-letter-spacing:var(--awb-typography2-letter-spacing);--awb-text-transform:var(--awb-typography2-text-transform);--awb-text-color:#0068af;--awb-text-font-family:var(--awb-typography2-font-family);--awb-text-font-weight:var(--awb-typography2-font-weight);--awb-text-font-style:var(--awb-typography2-font-style);\"><p style=\"letter-spacing: 3px;\">MER\u0126BA FIS-SIT TA' XJENZA MALTA<\/p>\n<\/div><div class=\"fusion-title title fusion-title-1 fusion-title-text fusion-title-size-two\" style=\"--awb-margin-bottom:0px;--awb-margin-top-small:0px;--awb-margin-bottom-small:20px;--awb-font-size:37px;\"><div class=\"title-sep-container title-sep-container-left fusion-no-large-visibility fusion-no-medium-visibility fusion-no-small-visibility\"><div class=\"title-sep sep- sep-solid\" style=\"border-color:var(--awb-color3);\"><\/div><\/div><span class=\"awb-title-spacer fusion-no-large-visibility fusion-no-medium-visibility fusion-no-small-visibility\"><\/span><h2 class=\"fusion-title-heading title-heading-left fusion-responsive-typography-calculated\" style=\"margin:0;text-transform:none;font-size:1em;--fontSize:37;line-height:1.35;\">Xjenza Malta hija l-a\u0121enzija governattiva responsabbli g\u0127all-promozzjoni u l-koordinazzjoni tar-ri\u010berka xjentifika, l-innovazzjoni teknolo\u0121ika, u l-komunikazzjoni xjentifika f'Malta.<\/h2><span class=\"awb-title-spacer\"><\/span><div class=\"title-sep-container title-sep-container-right\"><div class=\"title-sep sep- sep-solid\" style=\"border-color:var(--awb-color3);\"><\/div><\/div><\/div><\/div><\/div><div class=\"fusion-layout-column fusion_builder_column fusion-builder-column-1 fusion-flex-column\" style=\"--awb-bg-blend:overlay;--awb-bg-size:cover;--awb-width-large:60%;--awb-margin-top-large:0px;--awb-spacing-right-large:3.2%;--awb-margin-bottom-large:0px;--awb-spacing-left-large:6.4%;--awb-width-medium:60%;--awb-spacing-right-medium:3.2%;--awb-spacing-left-medium:6.4%;--awb-width-small:100%;--awb-spacing-right-small:1.92%;--awb-spacing-left-small:1.92%;\"><div class=\"fusion-column-wrapper fusion-flex-justify-content-flex-start fusion-content-layout-column\"><div class=\"fusion-text fusion-text-2 fusion-text-no-margin\" style=\"--awb-text-color:var(--awb-color7);--awb-margin-bottom:0px;\"><p style=\"font-weight: 400;\"><em>Xjenza Malta<\/em>\u00a0hija l-A\u0121enzija tal-Gvern ta\u2019 Malta li ta\u0121ixxi b\u0127ala l-a\u0121enzija nazzjonali g\u0127all-finanzjament tar-Ri\u010berka u l-I\u017cvilupp (R&amp;\u017b) u l-Ispazju, u l-korp g\u0127all-i\u017cvilupp u l-implimentazzjoni tal-politika fil-qasam tar-Ri\u010berka, l-Innovazzjoni u l-Ispazju. Xjenza Malta hija fdata bl-a\u0121\u0121ornament tal-oqfsa ta\u2019 politika nazzjonali g\u0127ar-Ri\u010berka u l-Innovazzjoni (R&amp;I) u l-Ispazju, billi tissorvelja u tikkoordina l-implimentazzjoni tal-istrate\u0121ija tar-R&amp;I u l-Ispazju permezz ta\u2019 sforzi ta\u2019 programmazzjoni, inklu\u017ca l-\u0121estjoni diretta tal-allokazzjoni ba\u0121itarja pubblika nazzjonali g\u0127ar-Ri\u010berka, l-Innovazzjoni u l-Ispazju.<\/p>\n<p style=\"font-weight: 400;\">Xjenza Malta timmani\u0121\u0121ja u timplimenta l-portafoll FUSION, u b'hekk tiffinanzja sforzi ta' ri\u010berka fl-ispettru kollu tat-t\u0127ejjija g\u0127at-teknolo\u0121ija, u tipprovdi portafoll ta' diversi miljuni primarjament permezz ta' appo\u0121\u0121 ibba\u017cat fuq g\u0127otjiet. Xjenza Malta tospita wkoll in-netwerk tal-Punt ta' Kuntatt Nazzjonali (NCP) g\u0127al Horizon Europe , jippromwovi u ji\u017cgura l-parte\u010bipazzjoni \u0121enerali b'su\u010b\u010bess ta' Malta fil-Programm Qafas tal-UE g\u0127ar-Ri\u010berka u l-Innovazzjoni u skemi ta' appo\u0121\u0121 relatati, filwaqt li jirrappre\u017centa wkoll lill-Gvern ta' Malta fi \u0127dan l-istruttura tal-komitolo\u0121ija ta' Horizon Europe L-Unit\u00e0 tal-Internazzjonalizzazzjoni fi \u0127dan Xjenza Malta timmani\u0121\u0121ja l-parte\u010bipazzjoni ta\u2019 Malta f\u2019g\u0127add dejjem jikber ta\u2019 S\u0127ubijiet ta\u2019 Kofinanzjament g\u0127ar-Ri\u010berka u l-Innovazzjoni (R&amp;I) u hija involuta b\u2019mod attiv fl-i\u017cvilupp u l-espansjoni ta\u2019 arran\u0121amenti kollaborattivi bilaterali u multilaterali g\u0127ar-R&amp;I, inklu\u017ci programmi ta\u2019 mobilit\u00e0 u finanzjament, im\u0127addma b\u2019mod kon\u0121unt ma\u2019 korpi kontropartijiet barranin.<\/p>\n<p style=\"font-weight: 400;\">Xjenza Malta topera wkoll Esplora: <a href=\"https:\/\/esplora.org.mt\" target=\"_blank\" rel=\"noopener\"><em>Ikklikkja biex i\u017c\u017cur il-websajt<\/em><\/a>, li huwa l-ewwel u l-uniku \u010aentru tax-Xjenza interattiv ta\u2019 Malta, u b\u2019hekk twettaq il-missjoni tag\u0127ha li xxerred ix-xjenza u l-edukazzjoni bba\u017cata fuq ix-Xjenza, it-Teknolo\u0121ija, l-In\u0121inerija u l-Matematika (STEM) lill-pubbliku \u0121enerali.<\/p>\n<\/div><div class=\"fusion-text fusion-text-3\"><h3><strong><a href=\"https:\/\/xjenzamalta.mt\/wp-content\/uploads\/2025\/05\/25.03.12-QSC-ENG-XjenzaMalta-A3.pdf\" target=\"_blank\" rel=\"noopener\">Ikklikkja hawn biex tara l-Karta tas-Servizz ta' Kwalit\u00e0 (QSC)<\/a><\/strong><\/h3>\n<\/div><\/div><\/div><\/div><\/div><div class=\"fusion-fullwidth fullwidth-box fusion-builder-row-2 fusion-flex-container has-pattern-background has-mask-background nonhundred-percent-fullwidth non-hundred-percent-height-scrolling\" style=\"--awb-border-radius-top-left:0px;--awb-border-radius-top-right:0px;--awb-border-radius-bottom-right:0px;--awb-border-radius-bottom-left:0px;--awb-flex-wrap:wrap;\" ><div class=\"fusion-builder-row fusion-row fusion-flex-align-items-flex-start fusion-flex-content-wrap\" style=\"max-width:1216.8px;margin-left: calc(-4% \/ 2 );margin-right: calc(-4% \/ 2 );\"><\/div><\/div><div class=\"fusion-fullwidth fullwidth-box fusion-builder-row-3 fusion-flex-container has-pattern-background has-mask-background fusion-parallax-none nonhundred-percent-fullwidth non-hundred-percent-height-scrolling lazyload fusion-animated\" style=\"--awb-background-position:center top;--awb-border-radius-top-left:0px;--awb-border-radius-top-right:0px;--awb-border-radius-bottom-right:0px;--awb-border-radius-bottom-left:0px;--awb-padding-top:160px;--awb-padding-bottom:160px;--awb-padding-top-medium:110px;--awb-padding-bottom-medium:110px;--awb-background-color:hsla(var(--awb-color8-h),var(--awb-color8-s),calc( var(--awb-color8-l) + 10% ),var(--awb-color8-a));--awb-background-image:linear-gradient(180deg, hsla(var(--awb-color8-h),var(--awb-color8-s),var(--awb-color8-l),calc( var(--awb-color8-a) - 65% )) 0%,hsla(var(--awb-color8-h),var(--awb-color8-s),var(--awb-color8-l),calc( var(--awb-color8-a) - 70% )) 100%);;--awb-background-size:cover;--awb-flex-wrap:wrap;\" data-bg=\"https:\/\/xjenzamalta.mt\/wp-content\/uploads\/2024\/07\/SupportYou3.jpg\" data-bg-gradient=\"linear-gradient(180deg, hsla(var(--awb-color8-h),var(--awb-color8-s),var(--awb-color8-l),calc( var(--awb-color8-a) - 65% )) 0%,hsla(var(--awb-color8-h),var(--awb-color8-s),var(--awb-color8-l),calc( var(--awb-color8-a) - 70% )) 100%)\" data-animationtype=\"fadeIn\" data-animationduration=\"1.3\" data-animationoffset=\"top-into-view\" ><div class=\"fusion-builder-row fusion-row fusion-flex-align-items-flex-start fusion-flex-content-wrap\" style=\"max-width:calc( 1170px + 0px );margin-left: calc(-0px \/ 2 );margin-right: calc(-0px \/ 2 );\"><div class=\"fusion-layout-column fusion_builder_column fusion-builder-column-2 fusion_builder_column_1_1 1_1 fusion-flex-column fusion-animated\" style=\"--awb-padding-top:70px;--awb-padding-bottom:70px;--awb-bg-blend:overlay;--awb-bg-size:cover;--awb-border-color:var(--awb-color1);--awb-border-top:3px;--awb-border-right:3px;--awb-border-bottom:3px;--awb-border-left:3px;--awb-border-style:solid;--awb-width-large:100%;--awb-margin-top-large:0px;--awb-spacing-right-large:0px;--awb-margin-bottom-large:0px;--awb-spacing-left-large:0px;--awb-width-medium:100%;--awb-spacing-right-medium:0px;--awb-spacing-left-medium:0px;--awb-width-small:100%;--awb-spacing-right-small:0px;--awb-spacing-left-small:0px;\" data-animationtype=\"fadeInUp\" data-animationduration=\"0.8\" data-animationoffset=\"top-into-view\"><div class=\"fusion-column-wrapper fusion-flex-justify-content-flex-start fusion-content-layout-column\"><div class=\"fusion-separator fusion-full-width-sep\" style=\"align-self: center;margin-left: auto;margin-right: auto;margin-top:10px;width:100%;\"><\/div><div class=\"fusion-title title fusion-title-2 fusion-title-center fusion-title-text fusion-title-size-two\" style=\"--awb-text-color:var(--awb-color1);--awb-margin-bottom:20px;--awb-margin-top-small:0px;--awb-margin-bottom-small:20px;--awb-font-size:50px;\"><div class=\"title-sep-container title-sep-container-left\"><div class=\"title-sep sep- sep-solid\" style=\"border-color:var(--awb-color3);\"><\/div><\/div><span class=\"awb-title-spacer\"><\/span><h2 class=\"fusion-title-heading title-heading-center fusion-responsive-typography-calculated\" style=\"margin:0;text-transform:none;font-size:1em;--fontSize:50;line-height:var(--awb-typography1-line-height);\">A\u0127na qeg\u0127din hawn biex nappo\u0121\u0121jawk<\/h2><span class=\"awb-title-spacer\"><\/span><div class=\"title-sep-container title-sep-container-right\"><div class=\"title-sep sep- sep-solid\" style=\"border-color:var(--awb-color3);\"><\/div><\/div><\/div><div class=\"fusion-text fusion-text-4 fusion-text-no-margin\" style=\"--awb-content-alignment:center;--awb-font-size:22px;--awb-text-color:var(--awb-color1);--awb-margin-bottom:40px;\"><p>&nbsp;<\/p>\n<\/div><div style=\"text-align:center;\"><a class=\"fusion-button button-flat fusion-button-default-size button-default fusion-button-default button-1 fusion-button-default-span fusion-button-default-type\" target=\"_self\" href=\"https:\/\/xjenzamalta.mt\/mt\/contact-us\/\"><span class=\"fusion-button-text awb-button__text awb-button__text--default\">Ikkuntattjana<\/span><\/a><\/div><div class=\"fusion-separator fusion-full-width-sep\" style=\"align-self: center;margin-left: auto;margin-right: auto;margin-top:16px;width:100%;\"><\/div><\/div><\/div><\/div><\/div><div class=\"fusion-fullwidth fullwidth-box fusion-builder-row-4 fusion-flex-container nonhundred-percent-fullwidth non-hundred-percent-height-scrolling fusion-animated\" style=\"--awb-background-position:center top;--awb-border-sizes-top:0px;--awb-border-sizes-bottom:0px;--awb-border-sizes-left:0px;--awb-border-sizes-right:0px;--awb-border-radius-top-left:0px;--awb-border-radius-top-right:0px;--awb-border-radius-bottom-right:0px;--awb-border-radius-bottom-left:0px;--awb-padding-top:99px;--awb-padding-bottom:50px;--awb-padding-top-medium:65px;--awb-padding-bottom-medium:30px;--awb-margin-bottom:120px;--awb-margin-bottom-medium:80px;--awb-margin-bottom-small:60px;--awb-background-color:hsla(var(--awb-color8-h),var(--awb-color8-s),calc( var(--awb-color8-l) + 96% ),var(--awb-color8-a));--awb-flex-wrap:wrap;\" data-animationtype=\"fadeIn\" data-animationduration=\"1.3\" data-animationoffset=\"top-into-view\" ><div class=\"fusion-builder-row fusion-row fusion-flex-align-items-flex-start fusion-flex-content-wrap\" style=\"max-width:1216.8px;margin-left: calc(-4% \/ 2 );margin-right: calc(-4% \/ 2 );\"><div class=\"fusion-layout-column fusion_builder_column fusion-builder-column-3 fusion_builder_column_1_1 1_1 fusion-flex-column fusion-flex-align-self-flex-start fusion-column-no-min-height\" style=\"--awb-bg-blend:overlay;--awb-bg-size:cover;--awb-width-large:100%;--awb-margin-top-large:0px;--awb-spacing-right-large:1.92%;--awb-margin-bottom-large:0px;--awb-spacing-left-large:1.92%;--awb-width-medium:100%;--awb-spacing-right-medium:1.92%;--awb-spacing-left-medium:1.92%;--awb-width-small:100%;--awb-spacing-right-small:1.92%;--awb-spacing-left-small:1.92%;\"><div class=\"fusion-column-wrapper fusion-flex-justify-content-flex-start fusion-content-layout-column\"><div class=\"fusion-title title fusion-title-3 fusion-title-center fusion-title-text fusion-title-size-three\" style=\"--awb-margin-bottom:20px;--awb-margin-top-small:0px;--awb-margin-bottom-small:20px;\"><div class=\"title-sep-container title-sep-container-left\"><div class=\"title-sep sep- sep-solid\" style=\"border-color:var(--awb-color3);\"><\/div><\/div><span class=\"awb-title-spacer\"><\/span><h3 class=\"fusion-title-heading title-heading-center fusion-responsive-typography-calculated\" style=\"margin:0;text-transform:none;--fontSize:25;line-height:var(--awb-typography1-line-height);\">Il-benefi\u010bjarji li bbenefikaw mill-iskemi ta' Xjenza Malta<\/h3><span class=\"awb-title-spacer\"><\/span><div class=\"title-sep-container title-sep-container-right\"><div class=\"title-sep sep- sep-solid\" style=\"border-color:var(--awb-color3);\"><\/div><\/div><\/div><div class=\"fusion-image-carousel fusion-image-carousel-fixed fusion-image-carousel-1\"><div class=\"awb-carousel awb-swiper awb-swiper-carousel awb-carousel--carousel awb-swiper-dots-position-bottom\" data-layout=\"carousel\" data-autoplay=\"no\" data-autoplayspeed=\"2500\" data-autoplaypause=\"no\" data-loop=\"yes\" data-columns=\"5\" data-columnsmedium=\"1\" data-columnssmall=\"1\" data-itemmargin=\"40\" data-itemwidth=\"180\" data-touchscroll=\"drag\" data-freemode=\"no\" data-imagesize=\"fixed\" data-scrollitems=\"1\" data-centeredslides=\"no\" data-rotationangle=\"50\" data-depth=\"100\" data-speed=\"500\" data-shadow=\"no\" data-pagination=\"bullets\" style=\"--awb-column-spacing:40px;\"><div class=\"swiper-wrapper awb-image-carousel-wrapper fusion-flex-align-items-center\"><div class=\"swiper-slide\"><div class=\"fusion-carousel-item-wrapper\"><div class=\"fusion-image-wrapper hover-type-none\"><img decoding=\"async\" width=\"320\" height=\"70\" src=\"https:\/\/xjenzamalta.mt\/wp-content\/uploads\/2024\/06\/ENG_IME_Red-Logo-Copy-1-320x70.png\" class=\"attachment-blog-medium size-blog-medium lazyload\" alt=\"\" srcset=\"data:image\/svg+xml,%3Csvg%20xmlns%3D%27http%3A%2F%2Fwww.w3.org%2F2000%2Fsvg%27%20width%3D%271624%27%20height%3D%27353%27%20viewBox%3D%270%200%201624%20353%27%3E%3Crect%20width%3D%271624%27%20height%3D%27353%27%20fill-opacity%3D%220%22%2F%3E%3C%2Fsvg%3E\" data-orig-src=\"https:\/\/xjenzamalta.mt\/wp-content\/uploads\/2024\/06\/ENG_IME_Red-Logo-Copy-1-320x70.png\" data-srcset=\"https:\/\/xjenzamalta.mt\/wp-content\/uploads\/2024\/06\/ENG_IME_Red-Logo-Copy-1-200x43.png 200w, https:\/\/xjenzamalta.mt\/wp-content\/uploads\/2024\/06\/ENG_IME_Red-Logo-Copy-1-400x87.png 400w, https:\/\/xjenzamalta.mt\/wp-content\/uploads\/2024\/06\/ENG_IME_Red-Logo-Copy-1-600x130.png 600w, https:\/\/xjenzamalta.mt\/wp-content\/uploads\/2024\/06\/ENG_IME_Red-Logo-Copy-1-800x174.png 800w, https:\/\/xjenzamalta.mt\/wp-content\/uploads\/2024\/06\/ENG_IME_Red-Logo-Copy-1-1200x261.png 1200w, https:\/\/xjenzamalta.mt\/wp-content\/uploads\/2024\/06\/ENG_IME_Red-Logo-Copy-1.png 1624w\" data-sizes=\"auto\" \/><\/div><\/div><\/div><div class=\"swiper-slide\"><div class=\"fusion-carousel-item-wrapper\"><div class=\"fusion-image-wrapper hover-type-none\"><img decoding=\"async\" width=\"320\" height=\"75\" src=\"https:\/\/xjenzamalta.mt\/wp-content\/uploads\/2024\/06\/IoT-Solutions-Malta-Logo-320x75.png\" class=\"attachment-blog-medium size-blog-medium lazyload\" alt=\"\" srcset=\"data:image\/svg+xml,%3Csvg%20xmlns%3D%27http%3A%2F%2Fwww.w3.org%2F2000%2Fsvg%27%20width%3D%276252%27%20height%3D%271468%27%20viewBox%3D%270%200%206252%201468%27%3E%3Crect%20width%3D%276252%27%20height%3D%271468%27%20fill-opacity%3D%220%22%2F%3E%3C%2Fsvg%3E\" data-orig-src=\"https:\/\/xjenzamalta.mt\/wp-content\/uploads\/2024\/06\/IoT-Solutions-Malta-Logo-320x75.png\" data-srcset=\"https:\/\/xjenzamalta.mt\/wp-content\/uploads\/2024\/06\/IoT-Solutions-Malta-Logo-200x47.png 200w, https:\/\/xjenzamalta.mt\/wp-content\/uploads\/2024\/06\/IoT-Solutions-Malta-Logo-400x94.png 400w, https:\/\/xjenzamalta.mt\/wp-content\/uploads\/2024\/06\/IoT-Solutions-Malta-Logo-600x141.png 600w, https:\/\/xjenzamalta.mt\/wp-content\/uploads\/2024\/06\/IoT-Solutions-Malta-Logo-800x188.png 800w, https:\/\/xjenzamalta.mt\/wp-content\/uploads\/2024\/06\/IoT-Solutions-Malta-Logo-1200x282.png 1200w\" data-sizes=\"auto\" \/><\/div><\/div><\/div><div class=\"swiper-slide\"><div class=\"fusion-carousel-item-wrapper\"><div class=\"fusion-image-wrapper hover-type-none\"><img decoding=\"async\" width=\"320\" height=\"39\" src=\"https:\/\/xjenzamalta.mt\/wp-content\/uploads\/2024\/07\/ENG_MME_Red-320x39.png\" class=\"attachment-blog-medium size-blog-medium lazyload\" alt=\"\" srcset=\"data:image\/svg+xml,%3Csvg%20xmlns%3D%27http%3A%2F%2Fwww.w3.org%2F2000%2Fsvg%27%20width%3D%276347%27%20height%3D%27765%27%20viewBox%3D%270%200%206347%20765%27%3E%3Crect%20width%3D%276347%27%20height%3D%27765%27%20fill-opacity%3D%220%22%2F%3E%3C%2Fsvg%3E\" data-orig-src=\"https:\/\/xjenzamalta.mt\/wp-content\/uploads\/2024\/07\/ENG_MME_Red-320x39.png\" data-srcset=\"https:\/\/xjenzamalta.mt\/wp-content\/uploads\/2024\/07\/ENG_MME_Red-200x24.png 200w, https:\/\/xjenzamalta.mt\/wp-content\/uploads\/2024\/07\/ENG_MME_Red-400x48.png 400w, https:\/\/xjenzamalta.mt\/wp-content\/uploads\/2024\/07\/ENG_MME_Red-600x72.png 600w, https:\/\/xjenzamalta.mt\/wp-content\/uploads\/2024\/07\/ENG_MME_Red-800x96.png 800w, https:\/\/xjenzamalta.mt\/wp-content\/uploads\/2024\/07\/ENG_MME_Red-1200x145.png 1200w\" data-sizes=\"auto\" \/><\/div><\/div><\/div><div class=\"swiper-slide\"><div class=\"fusion-carousel-item-wrapper\"><div class=\"fusion-image-wrapper hover-type-none\"><img decoding=\"async\" width=\"245\" height=\"202\" src=\"https:\/\/xjenzamalta.mt\/wp-content\/uploads\/2024\/07\/Untitled-design-20-320x264.png\" class=\"attachment-blog-medium size-blog-medium lazyload\" alt=\"\" srcset=\"data:image\/svg+xml,%3Csvg%20xmlns%3D%27http%3A%2F%2Fwww.w3.org%2F2000%2Fsvg%27%20width%3D%271039%27%20height%3D%27858%27%20viewBox%3D%270%200%201039%20858%27%3E%3Crect%20width%3D%271039%27%20height%3D%27858%27%20fill-opacity%3D%220%22%2F%3E%3C%2Fsvg%3E\" data-orig-src=\"https:\/\/xjenzamalta.mt\/wp-content\/uploads\/2024\/07\/Untitled-design-20-320x264.png\" data-srcset=\"https:\/\/xjenzamalta.mt\/wp-content\/uploads\/2024\/07\/Untitled-design-20-200x165.png 200w, https:\/\/xjenzamalta.mt\/wp-content\/uploads\/2024\/07\/Untitled-design-20-400x330.png 400w, https:\/\/xjenzamalta.mt\/wp-content\/uploads\/2024\/07\/Untitled-design-20-600x495.png 600w, https:\/\/xjenzamalta.mt\/wp-content\/uploads\/2024\/07\/Untitled-design-20-800x661.png 800w, https:\/\/xjenzamalta.mt\/wp-content\/uploads\/2024\/07\/Untitled-design-20.png 1039w\" data-sizes=\"auto\" \/><\/div><\/div><\/div><div class=\"swiper-slide\"><div class=\"fusion-carousel-item-wrapper\"><div class=\"fusion-image-wrapper hover-type-none\"><img decoding=\"async\" width=\"320\" height=\"94\" src=\"https:\/\/xjenzamalta.mt\/wp-content\/uploads\/2024\/07\/WES-TRADE-LOGO-320x94.png\" class=\"attachment-blog-medium size-blog-medium lazyload\" alt=\"\" srcset=\"data:image\/svg+xml,%3Csvg%20xmlns%3D%27http%3A%2F%2Fwww.w3.org%2F2000%2Fsvg%27%20width%3D%27583%27%20height%3D%27172%27%20viewBox%3D%270%200%20583%20172%27%3E%3Crect%20width%3D%27583%27%20height%3D%27172%27%20fill-opacity%3D%220%22%2F%3E%3C%2Fsvg%3E\" data-orig-src=\"https:\/\/xjenzamalta.mt\/wp-content\/uploads\/2024\/07\/WES-TRADE-LOGO-320x94.png\" data-srcset=\"https:\/\/xjenzamalta.mt\/wp-content\/uploads\/2024\/07\/WES-TRADE-LOGO-200x59.png 200w, https:\/\/xjenzamalta.mt\/wp-content\/uploads\/2024\/07\/WES-TRADE-LOGO-400x118.png 400w, https:\/\/xjenzamalta.mt\/wp-content\/uploads\/2024\/07\/WES-TRADE-LOGO.png 583w\" data-sizes=\"auto\" \/><\/div><\/div><\/div><\/div><\/div><\/div><\/div><\/div><\/div><\/div><\/p>","protected":false},"excerpt":{"rendered":"","protected":false},"author":1,"featured_media":5829,"parent":0,"menu_order":0,"comment_status":"closed","ping_status":"closed","template":"100-width.php","meta":{"footnotes":""},"class_list":["post-3827","page","type-page","status-publish","has-post-thumbnail","hentry"],"_links":{"self":[{"href":"https:\/\/xjenzamalta.mt\/mt\/wp-json\/wp\/v2\/pages\/3827","targetHints":{"allow":["GET"]}}],"collection":[{"href":"https:\/\/xjenzamalta.mt\/mt\/wp-json\/wp\/v2\/pages"}],"about":[{"href":"https:\/\/xjenzamalta.mt\/mt\/wp-json\/wp\/v2\/types\/page"}],"author":[{"embeddable":true,"href":"https:\/\/xjenzamalta.mt\/mt\/wp-json\/wp\/v2\/users\/1"}],"replies":[{"embeddable":true,"href":"https:\/\/xjenzamalta.mt\/mt\/wp-json\/wp\/v2\/comments?post=3827"}],"version-history":[{"count":51,"href":"https:\/\/xjenzamalta.mt\/mt\/wp-json\/wp\/v2\/pages\/3827\/revisions"}],"predecessor-version":[{"id":8452,"href":"https:\/\/xjenzamalta.mt\/mt\/wp-json\/wp\/v2\/pages\/3827\/revisions\/8452"}],"wp:featuredmedia":[{"embeddable":true,"href":"https:\/\/xjenzamalta.mt\/mt\/wp-json\/wp\/v2\/media\/5829"}],"wp:attachment":[{"href":"https:\/\/xjenzamalta.mt\/mt\/wp-json\/wp\/v2\/media?parent=3827"}],"curies":[{"name":"wp","href":"https:\/\/api.w.org\/{rel}","templated":true}]}}