{"id":5537,"date":"2024-06-03T17:55:35","date_gmt":"2024-06-03T17:55:35","guid":{"rendered":"https:\/\/xjenzamalta.mt\/?page_id=5537"},"modified":"2025-10-29T10:13:36","modified_gmt":"2025-10-29T10:13:36","slug":"accessibility-statement","status":"publish","type":"page","link":"https:\/\/xjenzamalta.mt\/mt\/accessibility-statement\/","title":{"rendered":"Dikjarazzjoni dwar l-A\u010b\u010bessibilit\u00e0"},"content":{"rendered":"<div class=\"fusion-fullwidth fullwidth-box fusion-builder-row-1 fusion-flex-container nonhundred-percent-fullwidth non-hundred-percent-height-scrolling\" style=\"--awb-border-radius-top-left:0px;--awb-border-radius-top-right:0px;--awb-border-radius-bottom-right:0px;--awb-border-radius-bottom-left:0px;--awb-flex-wrap:wrap;\" ><div class=\"fusion-builder-row fusion-row fusion-flex-align-items-flex-start fusion-flex-content-wrap\" style=\"max-width:1216.8px;margin-left: calc(-4% \/ 2 );margin-right: calc(-4% \/ 2 );\"><div class=\"fusion-layout-column fusion_builder_column fusion-builder-column-0 fusion_builder_column_1_1 1_1 fusion-flex-column\" style=\"--awb-bg-blend:overlay;--awb-bg-size:cover;--awb-width-large:100%;--awb-margin-top-large:0px;--awb-spacing-right-large:1.92%;--awb-margin-bottom-large:0px;--awb-spacing-left-large:1.92%;--awb-width-medium:100%;--awb-spacing-right-medium:1.92%;--awb-spacing-left-medium:1.92%;--awb-width-small:100%;--awb-spacing-right-small:1.92%;--awb-spacing-left-small:1.92%;\"><div class=\"fusion-column-wrapper fusion-flex-justify-content-flex-start fusion-content-layout-column\"><div class=\"fusion-text fusion-text-1\"><div class=\"row\">\n<div id=\"page-content\" class=\"page-content-wrapper\">\n<article id=\"post-35326\" class=\"post-35326 page type-page status-publish hentry\">\n<div class=\"entry-content page-content-inner\">\n<p>Xjenza Malta hija impenjata li tag\u0127mel il-websajt tag\u0127ha a\u010b\u010bessibbli, skont id-Direttiva (UE) 2016\/2102 tal-Parlament Ewropew u tal-Kunsill tas-26 ta' Ottubru 2016 dwar l-a\u010b\u010bessibbilt\u00e0 tal-websajts u l-applikazzjonijiet mobbli tal-korpi tas-settur pubbliku (<a href=\"https:\/\/eur-lex.europa.eu\/legal-content\/EN\/AUTO\/?uri=OJ:L:2016:327:TOC\">OJ L 327, 2.12.2016, p. 1<\/a>.)<\/p>\n<p>Din id-dikjarazzjoni ta' a\u010b\u010bessibbilt\u00e0 tapplika g\u0127all-websajt.<em>.<\/em><\/p>\n<p><strong>Status ta' konformit\u00e0<\/strong><\/p>\n<p>This website is <em>partially compliant<\/em> Dan is-sit web huwa parzjalment konformi mad-Direttiva (UE) 2016\/2102 tal-Parlament Ewropew u tal-Kunsill tas-26 ta' Ottubru 2016 dwar l-a\u010b\u010bessibbilt\u00e0 tas-siti web u l-applikazzjonijiet mobbli tal-korpi tas-settur pubbliku (<a href=\"https:\/\/eur-lex.europa.eu\/legal-content\/EN\/AUTO\/?uri=OJ:L:2016:327:TOC\">OJ L 327, 2.12.2016, p. 1<\/a>.), min\u0127abba n-nuqqasijiet ta' konformit\u00e0 u l-e\u017cenzjonijiet elenkati hawn ta\u0127t.<\/p>\n<p><strong>Kontenut mhux a\u010b\u010bessibbli<\/strong><\/p>\n<p>Il-kontenut elenkat hawn ta\u0127t mhux a\u010b\u010bessibbli g\u0127ar-ra\u0121uni\/ra\u0121unijiet li \u0121ejjin:<\/p>\n<p>nuqqas ta' konformit\u00e0 mad-Direttiva (UE) 2016\/2102 tal-Parlament Ewropew u tal-Kunsill tas-26 ta' Ottubru 2016 dwar l-a\u010b\u010bessibbilt\u00e0 tas-siti elettroni\u010bi u l-applikazzjonijiet mobbli tal-korpi tas-settur pubbliku<a href=\"https:\/\/eur-lex.europa.eu\/legal-content\/EN\/AUTO\/?uri=OJ:L:2016:327:TOC\">OJ L 327, 2.12.2016, p. 1<\/a>.).<\/p>\n<ul>\n<li>D\u0127ul fil-formola g\u0127ad m'g\u0127andu l-ebda deskrizzjoni<\/li>\n<li>Iframe u\u017cat f'diversi pa\u0121ni je\u0127tie\u0121 li jing\u0127ata titlu<\/li>\n<\/ul>\n<p><strong>T\u0127ejjija ta' din id-dikjarazzjoni ta' a\u010b\u010bessibbilt\u00e0<\/strong><\/p>\n<p>Din id-dikjarazzjoni \u0121iet im\u0127ejjija fit-3 ta' Novembru 2020<\/p>\n<p>Evalwazzjoni attwali tal-konformit\u00e0 tal-websajt mar-rekwi\u017citi tad-Direttiva (UE) 2016\/2102, permezz ta' valutazzjoni mwettqa minn parti terza, f'dan il-ka\u017c mill-Awtorit\u00e0 Maltija tal-Komunikazzjonijiet.<\/p>\n<p>Id-dikjarazzjoni \u0121iet riveduta l-a\u0127\u0127ar fl-20 ta' Novembru 2020<\/p>\n<p><strong>Rispons u informazzjoni ta' kuntatt<\/strong><\/p>\n<p class=\"translation-block\">Il-mekkani\u017cmu ta' feedback li g\u0127andu jintu\u017ca sabiex il-korp tas-settur pubbliku ji\u0121i nnotifikat dwar kwalunkwe <em>nuqqas ta' konformit\u00e0 u biex tintalab informazzjoni u kontenut esklu\u017ci mill-ambitu tad-Direttiva<\/em> g\u0127andu jkun kif \u0121ej:<\/p>\n<p>G\u0127andha tintbag\u0127at email lil <a href=\"mailto:it.mcst@gov.mt\">it.mcst@gov.mt<\/a><\/p>\n<p>Il-persuna responsabbli g\u0127all-a\u010b\u010bessibbilt\u00e0 u g\u0127all-ippro\u010bessar tat-talbiet mibg\u0127uta permezz tal-mekkani\u017cmi ta\u2019 feedback hija dik tal-unit\u00e0 tal-IT fil-Kunsill Malti g\u0127ax-Xjenza u t-Teknolo\u0121ija, li tinkludi l-E\u017cekuttiv Anzjan u kwalunkwe membru ie\u0127or fit-tim tat-Teknolo\u0121ija tal-Informazzjoni.<\/p>\n<p><strong>Pro\u010bedura ta' infurzar<\/strong><\/p>\n<p>Il-pro\u010bedura ta' infurzar li g\u0127andha tintu\u017ca fil-ka\u017c ta' twe\u0121ibiet mhux sodisfa\u010benti g\u0127al kwalunkwe notifika jew talba mibg\u0127uta skont l-Artikolu 7(1)(b) tad-Direttiva g\u0127andha tintbag\u0127at direttament lill-E\u017cekuttiv Anzjan fl-unit\u00e0 tal-IT, u jekk jitqies ne\u010bessarju lid-Direttur li ta\u0127tu taqa' l-Unit\u00e0 tal-IT.<\/p>\n<p>L-informazzjoni ta' kuntatt tal-korpi tal-infurzar hija kif \u0121ej:<\/p>\n<p>Matthew Mizzi<\/p>\n<p><span style=\"font-family: var(--awb-text-font-family); font-size: var(--awb-font-size); font-style: var(--awb-text-font-style); letter-spacing: var(--awb-letter-spacing); text-align: var(--awb-content-alignment); text-transform: var(--awb-text-transform);\">Kap tal-Infrastruttura u l-Appo\u0121\u0121 tal-ICT<\/span><\/p>\n<p>T:+356 23602124<\/p>\n<p>E:matthew.mizzi.1@gov.mt<\/p>\n<p>u \/ jew<\/p>\n<p>Louis Cordina<\/p>\n<p>Direttur Superjur (Servizzi Korporattivi)<\/p>\n<p>T:+356 2360 2000<\/p>\n<p>E:louis.cordina.1@gov.mt<\/p>\n<\/div>\n<\/article>\n<\/div>\n<\/div>\n<\/div><\/div><\/div><\/div><\/div>","protected":false},"excerpt":{"rendered":"","protected":false},"author":1,"featured_media":0,"parent":0,"menu_order":0,"comment_status":"closed","ping_status":"closed","template":"","meta":{"footnotes":""},"class_list":["post-5537","page","type-page","status-publish","hentry"],"_links":{"self":[{"href":"https:\/\/xjenzamalta.mt\/mt\/wp-json\/wp\/v2\/pages\/5537","targetHints":{"allow":["GET"]}}],"collection":[{"href":"https:\/\/xjenzamalta.mt\/mt\/wp-json\/wp\/v2\/pages"}],"about":[{"href":"https:\/\/xjenzamalta.mt\/mt\/wp-json\/wp\/v2\/types\/page"}],"author":[{"embeddable":true,"href":"https:\/\/xjenzamalta.mt\/mt\/wp-json\/wp\/v2\/users\/1"}],"replies":[{"embeddable":true,"href":"https:\/\/xjenzamalta.mt\/mt\/wp-json\/wp\/v2\/comments?post=5537"}],"version-history":[{"count":6,"href":"https:\/\/xjenzamalta.mt\/mt\/wp-json\/wp\/v2\/pages\/5537\/revisions"}],"predecessor-version":[{"id":7803,"href":"https:\/\/xjenzamalta.mt\/mt\/wp-json\/wp\/v2\/pages\/5537\/revisions\/7803"}],"wp:attachment":[{"href":"https:\/\/xjenzamalta.mt\/mt\/wp-json\/wp\/v2\/media?parent=5537"}],"curies":[{"name":"wp","href":"https:\/\/api.w.org\/{rel}","templated":true}]}}