{"id":5786,"date":"2024-06-27T11:54:07","date_gmt":"2024-06-27T11:54:07","guid":{"rendered":"https:\/\/xjenzamalta.mt\/?page_id=5786"},"modified":"2025-12-15T10:49:40","modified_gmt":"2025-12-15T10:49:40","slug":"policy-strategy","status":"publish","type":"page","link":"https:\/\/xjenzamalta.mt\/mt\/services\/policy-strategy\/","title":{"rendered":"Politika u Strate\u0121ija"},"content":{"rendered":"<div class=\"fusion-fullwidth fullwidth-box fusion-builder-row-1 fusion-flex-container has-pattern-background has-mask-background nonhundred-percent-fullwidth non-hundred-percent-height-scrolling\" style=\"--awb-border-radius-top-left:0px;--awb-border-radius-top-right:0px;--awb-border-radius-bottom-right:0px;--awb-border-radius-bottom-left:0px;--awb-flex-wrap:wrap;\" ><div class=\"fusion-builder-row fusion-row fusion-flex-align-items-flex-start fusion-flex-content-wrap\" style=\"max-width:1216.8px;margin-left: calc(-4% \/ 2 );margin-right: calc(-4% \/ 2 );\"><div class=\"fusion-layout-column fusion_builder_column fusion-builder-column-0 fusion_builder_column_1_6 1_6 fusion-flex-column\" style=\"--awb-bg-size:cover;--awb-width-large:16.666666666667%;--awb-margin-top-large:0px;--awb-spacing-right-large:11.52%;--awb-margin-bottom-large:20px;--awb-spacing-left-large:11.52%;--awb-width-medium:100%;--awb-order-medium:0;--awb-spacing-right-medium:1.92%;--awb-spacing-left-medium:1.92%;--awb-width-small:100%;--awb-order-small:0;--awb-spacing-right-small:1.92%;--awb-spacing-left-small:1.92%;\"><div class=\"fusion-column-wrapper fusion-column-has-shadow fusion-flex-justify-content-flex-start fusion-content-layout-column\"><\/div><\/div><div class=\"fusion-layout-column fusion_builder_column fusion-builder-column-1 fusion_builder_column_2_3 2_3 fusion-flex-column\" style=\"--awb-bg-size:cover;--awb-width-large:66.666666666667%;--awb-margin-top-large:0px;--awb-spacing-right-large:2.88%;--awb-margin-bottom-large:20px;--awb-spacing-left-large:2.88%;--awb-width-medium:100%;--awb-order-medium:0;--awb-spacing-right-medium:1.92%;--awb-spacing-left-medium:1.92%;--awb-width-small:100%;--awb-order-small:0;--awb-spacing-right-small:1.92%;--awb-spacing-left-small:1.92%;\"><div class=\"fusion-column-wrapper fusion-column-has-shadow fusion-flex-justify-content-flex-start fusion-content-layout-column\"><div class=\"fusion-text fusion-text-1\"><p style=\"font-weight: 400;\">Id-Direttorat tal-Politika u l-Istrate\u0121ija g\u0127andu rwol fundamentali fl-g\u0127oti ta\u2019 pariri strate\u0121i\u010bi lill-Gvern dwar kwistjonijiet ta\u2019 ri\u010berka u innovazzjoni, kemm fuq livell nazzjonali kif ukoll fil-livell tal-Unjoni Ewropea. Id-Direttorat jipprovdi appo\u0121\u0121 fl-i\u017cvilupp tal-po\u017cizzjoni ta\u2019 Malta f\u2019diversi fora tal-UE fejn jipparte\u010bipa fi gruppi rilevanti billi b\u2019mod partikolari jikkontribwixxi lejn l-appo\u0121\u0121 tal-i\u017cvilupp u t-twettiq ta\u017c-\u017bona Ewropea tar-Ri\u010berka.<\/p>\n<p style=\"font-weight: 400;\">Fuq livell nazzjonali, minbarra li jmexxi l-i\u017cvilupp tal-Istrate\u0121ija Nazzjonali tar-R&amp;I, id-Direttorat jissorvelja l-implimentazzjoni tal-istess strate\u0121ija, u jsegwi l-monitora\u0121\u0121 tag\u0127ha. L-aktar strate\u0121ija ri\u010benti (il-Pjan Strate\u0121iku Nazzjonali tar-R&amp;I 2023 \u2013 2027) tistabbilixxi l-pedamenti g\u0127as-sistema nazzjonali tar-R&amp;I, li hija rregolata u mibnija fuq mi\u017curi kemm fuq terminu qasir u medju kif ukoll fuq wa\u0127da li g\u0127andha vi\u017cjoni fit-tul. Il-Pjan Strate\u0121iku 2023-2027 jibni fuq l-e\u017citu tar-revi\u017cjoni bejn il-pari tal-PSF li Malta g\u0127addiet minnha fl-2018-2019.<\/p>\n<p style=\"font-weight: 400;\">Id-Direttorat jappo\u0121\u0121ja wkoll lill-Gvern fl-i\u017cvilupp tal-iSmart Specialisation Strategy ta\u2019 Malta filwaqt li jipprovdi appo\u0121\u0121 tekniku lill-istruttura ta\u2019 governanza mwaqqfa g\u0127all-implimentazzjoni ta\u2019 din l-istrate\u0121ija.<\/p>\n<p style=\"font-weight: 400;\">Il-Prin\u010bipju ewlieni ta\u2019 Smart Specialisation isa\u0127\u0127ah il-Politika ta\u2019 Koe\u017cjoni tal-Kummissjoni Ewropea g\u0127all-perjodu 2021-2027 fil-prijorit\u00e0 tar-Ri\u010berka, it-Teknolo\u0121ija, l-I\u017cvilupp u l-Innovazzjoni (RTDI) u jipprevedi l-allokazzjoni ta\u2019 investimenti pubbli\u010bi u privati f\u2019oqsma ta\u2019 prijorit\u00e0 li jintg\u0127a\u017clu bir-reqqa permezz ta\u2019 pro\u010bess ta\u2019 skoperta intraprenditorjali (EDP).<\/p>\n<p style=\"font-weight: 400;\">Id-Direttorat g\u0127andu wkoll funzjoni ta\u2019 intelli\u0121enza politika fi \u0127dan l-a\u0121enzija, li permezz tag\u0127ha ji\u017cviluppa rapporti dwar su\u0121\u0121etti varji ta\u2019 rilevanza kemm g\u0127al Xjenza Malta kif ukoll f\u2019termini usa\u2019 g\u0127all-kuntest Malti fejn tid\u0127ol ir-ri\u010berka u l-innovazzjoni.  Dan jg\u0127in biex ji\u0121i \u017cgurat li l-politiki m\u0127addnin u l-implimentazzjoni tag\u0127hom ikunu sostnuti mill-a\u0127jar evidenza disponibbli. B\u0127ala parti minn dawn l-isforzi, id-Direttorat jinvolvi ru\u0127u wkoll fuq livell internazzjonali ma\u2019 pari tal-istess fehma biex jaqsam ir-ri\u017corsi u l-a\u0127jar prattiki dwar su\u0121\u0121etti ta\u2019 rilevanza<\/p>\n<p><a href=\"https:\/\/xjenzamalta.mt\/wp-content\/uploads\/2024\/09\/National-RandI-Strategic-Plan-24.pdf\" target=\"_blank\" rel=\"noopener\">Ikklikkja biex tni\u017c\u017cel il-Pjan Strate\u0121iku Nazzjonali Randl 2024<\/a><\/p>\n<p><a href=\"https:\/\/xjenzamalta.mt\/wp-content\/uploads\/2024\/09\/RIS3-Strategy-2021-2027.pdf\" target=\"_blank\" rel=\"noopener\">Ikklikkja biex tni\u017c\u017cel l-Istrate\u0121ija RIS3 2021-2027<\/a><\/p>\n<p><a href=\"https:\/\/xjenzamalta.mt\/wp-content\/uploads\/2025\/02\/National-Open-Access-Policy-2021.pdf\">Ikklikkja biex tni\u017c\u017cel il-Politika Nazzjonali ta' A\u010b\u010bess Miftu\u0127 2021<\/a><\/p>\n<p><a href=\"https:\/\/xjenzamalta.mt\/wp-content\/uploads\/2025\/02\/Tracking-Career-Pathways-of-PhD-Holders-2020-Study-Digital-Report-Final.pdf\">Ikklikkja biex tni\u017c\u017cel ir-Rapport Di\u0121itali tal-Istudju 2020 tat-Tra\u010b\u010bar tal-Karrieri tad-Detenturi ta' PhD<\/a><\/p>\n<p><a href=\"https:\/\/xjenzamalta.mt\/wp-content\/uploads\/2025\/03\/Malta_Final-report_S3-COP_targeted-assignment-final.pdf\">f\u2019oqsma ta\u2019 prijorit\u00e0 S3 \u2013 Komunit\u00e0 ta\u2019 Prattika ta\u2019 Spe\u010bjalizzazzjoni Intelli\u0121enti (S3 CoP).<\/a><\/p>\n<p><a href=\"https:\/\/xjenzamalta.mt\/wp-content\/uploads\/2025\/03\/TSA-Matchmaking-slide.png\">f\u2019oqsma ta\u2019 prijorit\u00e0 S3 \u2013 Komunit\u00e0 ta\u2019 Prattika ta\u2019 Spe\u010bjalizzazzjoni Intelli\u0121enti (S3 CoP).<\/a><\/p>\n<p><a href=\"https:\/\/xjenzamalta.mt\/wp-content\/uploads\/2025\/12\/RIS3-Report-.pdf\" target=\"_blank\" rel=\"noopener\">Ikklikkja hawn biex taqra r-Rapport ta' Progress tal-Istrate\u0121ija ta' Spe\u010bjalizzazzjoni Intelli\u0121enti tal-2024.<\/a><\/p>\n<\/div><div class=\"fusion-social-links fusion-social-links-1\" style=\"--awb-margin-top:0px;--awb-margin-right:0px;--awb-margin-bottom:30px;--awb-margin-left:0px;--awb-alignment:center;--awb-box-border-top:0px;--awb-box-border-right:0px;--awb-box-border-bottom:0px;--awb-box-border-left:0px;--awb-icon-colors-hover:var(--awb-color4);--awb-box-colors-hover:var(--awb-color1);--awb-box-border-color:var(--awb-color3);--awb-box-border-color-hover:var(--awb-color4);\"><div class=\"fusion-social-networks color-type-brand\"><div class=\"fusion-social-networks-wrapper\"><a class=\"fusion-social-network-icon fusion-tooltip fusion-facebook awb-icon-facebook\" style=\"color:#3b5998;font-size:24px;\" data-placement=\"top\" data-title=\"Facebook\" data-toggle=\"tooltip\" title=\"Facebook\" aria-label=\"facebook\" target=\"_blank\" rel=\"noopener noreferrer\" href=\"https:\/\/www.facebook.com\/XjenzaMalta\/\"><\/a><a class=\"fusion-social-network-icon fusion-tooltip fusion-twitter awb-icon-twitter\" style=\"color:#000000;font-size:24px;\" data-placement=\"top\" data-title=\"X\" data-toggle=\"tooltip\" title=\"X\" aria-label=\"twitter\" target=\"_blank\" rel=\"noopener noreferrer\" href=\"https:\/\/x.com\/mt_mcst\"><\/a><a class=\"fusion-social-network-icon fusion-tooltip fusion-mail awb-icon-mail\" style=\"color:#000000;font-size:24px;\" data-placement=\"top\" data-title=\"Email\" data-toggle=\"tooltip\" title=\"Email\" aria-label=\"mail\" target=\"_blank\" rel=\"noopener noreferrer\" href=\"mailto:&#105;nf&#111;.&#120;je&#110;z&#097;m&#097;lt&#097;&#064;g&#111;v.&#109;&#116;\"><\/a><a class=\"fusion-social-network-icon fusion-tooltip fusion-linkedin awb-icon-linkedin\" style=\"color:#0077b5;font-size:24px;\" data-placement=\"top\" data-title=\"LinkedIn\" data-toggle=\"tooltip\" title=\"LinkedIn\" aria-label=\"linkedin\" target=\"_blank\" rel=\"noopener noreferrer\" href=\"https:\/\/www.linkedin.com\/company\/xjenza-malta\/posts\/?feedView=all\"><\/a><\/div><\/div><\/div><\/div><\/div><div class=\"fusion-layout-column fusion_builder_column fusion-builder-column-2 fusion_builder_column_1_6 1_6 fusion-flex-column\" style=\"--awb-bg-size:cover;--awb-width-large:16.666666666667%;--awb-margin-top-large:0px;--awb-spacing-right-large:11.52%;--awb-margin-bottom-large:20px;--awb-spacing-left-large:11.52%;--awb-width-medium:100%;--awb-order-medium:0;--awb-spacing-right-medium:1.92%;--awb-spacing-left-medium:1.92%;--awb-width-small:100%;--awb-order-small:0;--awb-spacing-right-small:1.92%;--awb-spacing-left-small:1.92%;\"><div class=\"fusion-column-wrapper fusion-column-has-shadow fusion-flex-justify-content-flex-start fusion-content-layout-column\"><\/div><\/div><\/div><\/div>","protected":false},"excerpt":{"rendered":"","protected":false},"author":1,"featured_media":0,"parent":4688,"menu_order":0,"comment_status":"closed","ping_status":"closed","template":"100-width.php","meta":{"footnotes":""},"class_list":["post-5786","page","type-page","status-publish","hentry"],"_links":{"self":[{"href":"https:\/\/xjenzamalta.mt\/mt\/wp-json\/wp\/v2\/pages\/5786","targetHints":{"allow":["GET"]}}],"collection":[{"href":"https:\/\/xjenzamalta.mt\/mt\/wp-json\/wp\/v2\/pages"}],"about":[{"href":"https:\/\/xjenzamalta.mt\/mt\/wp-json\/wp\/v2\/types\/page"}],"author":[{"embeddable":true,"href":"https:\/\/xjenzamalta.mt\/mt\/wp-json\/wp\/v2\/users\/1"}],"replies":[{"embeddable":true,"href":"https:\/\/xjenzamalta.mt\/mt\/wp-json\/wp\/v2\/comments?post=5786"}],"version-history":[{"count":20,"href":"https:\/\/xjenzamalta.mt\/mt\/wp-json\/wp\/v2\/pages\/5786\/revisions"}],"predecessor-version":[{"id":8006,"href":"https:\/\/xjenzamalta.mt\/mt\/wp-json\/wp\/v2\/pages\/5786\/revisions\/8006"}],"up":[{"embeddable":true,"href":"https:\/\/xjenzamalta.mt\/mt\/wp-json\/wp\/v2\/pages\/4688"}],"wp:attachment":[{"href":"https:\/\/xjenzamalta.mt\/mt\/wp-json\/wp\/v2\/media?parent=5786"}],"curies":[{"name":"wp","href":"https:\/\/api.w.org\/{rel}","templated":true}]}}