{"id":5793,"date":"2024-06-27T11:58:21","date_gmt":"2024-06-27T11:58:21","guid":{"rendered":"https:\/\/xjenzamalta.mt\/?page_id=5793"},"modified":"2026-03-05T09:33:34","modified_gmt":"2026-03-05T09:33:34","slug":"framework-programme-horizon-europe","status":"publish","type":"page","link":"https:\/\/xjenzamalta.mt\/mt\/services\/framework-programme-horizon-europe\/","title":{"rendered":"Id-Direttorat Tal-Programm Qafas"},"content":{"rendered":"<div class=\"fusion-fullwidth fullwidth-box fusion-builder-row-1 fusion-flex-container has-pattern-background has-mask-background nonhundred-percent-fullwidth non-hundred-percent-height-scrolling\" style=\"--awb-border-radius-top-left:0px;--awb-border-radius-top-right:0px;--awb-border-radius-bottom-right:0px;--awb-border-radius-bottom-left:0px;--awb-flex-wrap:wrap;\" ><div class=\"fusion-builder-row fusion-row fusion-flex-align-items-flex-start fusion-flex-content-wrap\" style=\"max-width:1216.8px;margin-left: calc(-4% \/ 2 );margin-right: calc(-4% \/ 2 );\"><div class=\"fusion-layout-column fusion_builder_column fusion-builder-column-0 fusion_builder_column_1_6 1_6 fusion-flex-column\" style=\"--awb-bg-size:cover;--awb-width-large:16.666666666667%;--awb-margin-top-large:0px;--awb-spacing-right-large:11.52%;--awb-margin-bottom-large:20px;--awb-spacing-left-large:11.52%;--awb-width-medium:100%;--awb-order-medium:0;--awb-spacing-right-medium:1.92%;--awb-spacing-left-medium:1.92%;--awb-width-small:100%;--awb-order-small:0;--awb-spacing-right-small:1.92%;--awb-spacing-left-small:1.92%;\"><div class=\"fusion-column-wrapper fusion-column-has-shadow fusion-flex-justify-content-flex-start fusion-content-layout-column\"><\/div><\/div><div class=\"fusion-layout-column fusion_builder_column fusion-builder-column-1 fusion_builder_column_2_3 2_3 fusion-flex-column\" style=\"--awb-bg-size:cover;--awb-width-large:66.666666666667%;--awb-margin-top-large:0px;--awb-spacing-right-large:2.88%;--awb-margin-bottom-large:20px;--awb-spacing-left-large:2.88%;--awb-width-medium:100%;--awb-order-medium:0;--awb-spacing-right-medium:1.92%;--awb-spacing-left-medium:1.92%;--awb-width-small:100%;--awb-order-small:0;--awb-spacing-right-small:1.92%;--awb-spacing-left-small:1.92%;\"><div class=\"fusion-column-wrapper fusion-column-has-shadow fusion-flex-justify-content-flex-start fusion-content-layout-column\"><div class=\"fusion-text fusion-text-1\"><p class=\"translation-block\"><em>Xjenza Malta<\/em> (Science Malta) g\u0127andha l-mandat mill-gvern nazzjonali biex ta\u0121ixxi b\u0127ala l-istruttura tal-Punt ta' Kuntatt Nazzjonali ta' Malta g\u0127all-Programmi Qafas tal-UE g\u0127ar-Ri\u010berka u l-Innovazzjoni, kif ukoll biex tirrappre\u017centa lil Malta fil-Kumitati tal-Programm g\u0127al kull grupp. Horizon Europe huwa l-Programm Qafas attwali tal-UE (2021-2027), li g\u0127andu ba\u0121it ta' \u20ac95.5 biljun. Horizon Europe huwa l-programm ewlieni ta' finanzjament tal-UE g\u0127ar-ri\u010berka u l-innovazzjoni g\u0127ar-ri\u010berkaturi u l-organizzazzjonijiet Maltin. Huwa jiffa\u010bilita l-kollaborazzjoni u jsa\u0127\u0127a\u0127 l-impatt fl-i\u017cvilupp, l-appo\u0121\u0121 u l-implimentazzjoni tal-politiki tal-UE, filwaqt li jindirizza l-isfidi globali, ji\u0121ifieri s-Sa\u0127\u0127a u t-Tibdil fil-Klima.<\/p>\n<p>L-irwol tad-direttorat tal-Programm Qafas fi \u0127dan Xjenza Malta huwa li jipprovdi gwida lill-parte\u010bipanti Maltin li huma interessati li japplikaw g\u0127all-programm Orizzont Ewropa. Il-punti ta\u2019 kuntatt nazzjonali ta\u2019 Xjenza Malta joffru varjet\u00e0 ta\u2019 servizzi biex jassistu lill-applikanti potenzjali fl-istadji kollha tal-parte\u010bipazzjoni tag\u0127hom inklu\u017ci sessjonijiet ta\u2019 informazzjoni u ta\u0127ri\u0121, fa\u010bilit\u00e0 ta\u2019 tiftix u netwerking bi skop ta\u2019 s\u0127ubija, l-i\u010b\u010bekkjar tal-proposta ta\u2019 ri\u010berka qabel ma din tintbag\u0127at, kif ukoll l-g\u0127oti ta\u2019 pariri matul l-implimentazzjoni tal-pro\u0121ett. Id-Direttorat jimplimenta wkoll numru ta\u2019 Skemi ta\u2019 Appo\u0121\u0121 biex tissa\u0127\u0127a\u0127 il-parte\u010bipazzjoni tal-partijiet lokali li huma interessati.<\/p>\n<\/div><div class=\"fusion-image-element\" style=\"text-align:center;--awb-margin-top:20px;--awb-margin-bottom:20px;--awb-max-width:500px;--awb-caption-title-font-family:var(--h2_typography-font-family);--awb-caption-title-font-weight:var(--h2_typography-font-weight);--awb-caption-title-font-style:var(--h2_typography-font-style);--awb-caption-title-size:var(--h2_typography-font-size);--awb-caption-title-transform:var(--h2_typography-text-transform);--awb-caption-title-line-height:var(--h2_typography-line-height);--awb-caption-title-letter-spacing:var(--h2_typography-letter-spacing);\"><span class=\"fusion-imageframe imageframe-none imageframe-1 hover-type-none\"><img decoding=\"async\" width=\"829\" height=\"414\" title=\"xjenza banners\" src=\"https:\/\/xjenzamalta.mt\/wp-content\/uploads\/2024\/06\/xjenza-banners-01.jpg\" data-orig-src=\"https:\/\/xjenzamalta.mt\/wp-content\/uploads\/2024\/06\/xjenza-banners-01.jpg\" alt class=\"lazyload img-responsive wp-image-5843\" srcset=\"data:image\/svg+xml,%3Csvg%20xmlns%3D%27http%3A%2F%2Fwww.w3.org%2F2000%2Fsvg%27%20width%3D%27829%27%20height%3D%27414%27%20viewBox%3D%270%200%20829%20414%27%3E%3Crect%20width%3D%27829%27%20height%3D%27414%27%20fill-opacity%3D%220%22%2F%3E%3C%2Fsvg%3E\" data-srcset=\"https:\/\/xjenzamalta.mt\/wp-content\/uploads\/2024\/06\/xjenza-banners-01-200x100.jpg 200w, https:\/\/xjenzamalta.mt\/wp-content\/uploads\/2024\/06\/xjenza-banners-01-400x200.jpg 400w, https:\/\/xjenzamalta.mt\/wp-content\/uploads\/2024\/06\/xjenza-banners-01-600x300.jpg 600w, https:\/\/xjenzamalta.mt\/wp-content\/uploads\/2024\/06\/xjenza-banners-01-800x400.jpg 800w, https:\/\/xjenzamalta.mt\/wp-content\/uploads\/2024\/06\/xjenza-banners-01.jpg 829w\" data-sizes=\"auto\" data-orig-sizes=\"(max-width: 1024px) 100vw, (max-width: 640px) 100vw, 800px\" \/><\/span><\/div><div class=\"fusion-text fusion-text-2\"><p><strong>Il-Horizon Unit fi \u0127dan Xjenza Malta huwa l-punt ta\u2019 Kuntatt Nazzjonali g\u0127al Horizon Europe.<\/strong><\/p>\n<p><strong><a href=\"https:\/\/www.youtube.com\/watch?v=dhaE8HEDLmI\" target=\"_blank\" rel=\"noopener\">Click here for more information about the Horizon Europe National Contact Points<\/a><\/strong><\/p>\n<p>Is-servizzi li joffri dan id-Direttorat Nazzjonali jinkludu:<\/p>\n<ul>\n<li>G\u0127ajnuna biex ji\u0121u identifikati opportunitajiet ta\u2019 finanzjament minn Horizon Europe li jkunu jaqblu mal-ideat tal-pro\u0121ett tieg\u0127ek;<\/li>\n<li>Pariri personalizzati dwar sej\u0127iet g\u0127al proposti li jkunu miftu\u0127a u dawk li jkunu se jinfet\u0127u fil-\u0121ejjieni minn Horizon Europe;<\/li>\n<li>Pariri personalizzati dwar il-pro\u0121ett ideali tieg\u0127ek;<\/li>\n<li>G\u0127ajnuna biex ji\u0121u identifikati msie\u0127ba potenzjali permezz tan-networks Ewropej tag\u0127na;<\/li>\n<li>Revi\u017cjoni tal-proposta qabel is-sottomissjoni tal-applikazzjoni;<\/li>\n<li>Tnedijiet ta\u2019 sessjonijiet informattivi u ta\u2019 ta\u0127ri\u0121, kif ukoll webinars;<\/li>\n<li>Pariri dwar kif g\u0127andu jkun immani\u0121\u0121jat il-pro\u0121ett;<\/li>\n<li>Appo\u0121\u0121 addizzjonali permezz ta\u2019 skemi ta\u2019 finanzjament nazzjonali.<\/li>\n<\/ul>\n<p>Dan il-Unit imexxi wkoll dawn l-iskemi ta\u2019 sostenn ta\u2019 Horizon Europe:<\/p>\n<p><a href=\"https:\/\/xjenzamalta.mt\/mt\/2026\/01\/13\/hipas-horizon-internationalisation-partnership-award-scheme\/\" target=\"_blank\" rel=\"noopener\">Ikklikkja biex i\u017c\u017cur il-pa\u0121na web HIPAS<\/a><\/p>\n<p><a href=\"https:\/\/xjenzamalta.mt\/mt\/2024\/11\/22\/horizon-europe-networking-support-scheme-net2he\/\" target=\"_blank\" rel=\"noopener\">Click to visit NET2HE webpage<\/a><\/p>\n<p><a href=\"https:\/\/xjenzamalta.mt\/mt\/2026\/01\/15\/erc-support-scheme-2026\/\" target=\"_blank\" rel=\"noopener\">Click to visit ERC Support Scheme webpage<\/a><\/p>\n<p><a href=\"https:\/\/xjenzamalta.mt\/mt\/2025\/01\/07\/european-innovation-council-programmes\/\" target=\"_blank\" rel=\"noopener\">Click to visit EIC Support Scheme webpage<\/a><\/p>\n<p><a href=\"https:\/\/xjenzamalta.mt\/mt\/2025\/03\/03\/postdoctoral-fellowship-training-scheme-for-incoming-postdocs-to-malta-pf2mt\/\" target=\"_blank\" rel=\"noopener\">Ikklikkja biex i\u017c\u017cur il-pa\u0121na web tal-Iskema ta' Appo\u0121\u0121 PF2MT<\/a><\/p>\n<p><a href=\"https:\/\/xjenzamalta.mt\/wp-content\/uploads\/2025\/10\/Framework-Programme-Unit-Brochure.pdf\" target=\"_blank\" rel=\"noopener noreferrer\"><b>Ikklikkja biex ta\u010b\u010bessa l-Fuljett tal-Unit\u00e0 tal-Programm Qafas<\/b><\/a><\/p>\n<\/div><div class=\"fusion-social-links fusion-social-links-1\" style=\"--awb-margin-top:0px;--awb-margin-right:0px;--awb-margin-bottom:30px;--awb-margin-left:0px;--awb-alignment:center;--awb-box-border-top:0px;--awb-box-border-right:0px;--awb-box-border-bottom:0px;--awb-box-border-left:0px;--awb-icon-colors-hover:var(--awb-color4);--awb-box-colors-hover:var(--awb-color1);--awb-box-border-color:var(--awb-color3);--awb-box-border-color-hover:var(--awb-color4);\"><div class=\"fusion-social-networks color-type-brand\"><div class=\"fusion-social-networks-wrapper\"><a class=\"fusion-social-network-icon fusion-tooltip fusion-facebook awb-icon-facebook\" style=\"color:#3b5998;font-size:24px;\" data-placement=\"top\" data-title=\"Facebook\" data-toggle=\"tooltip\" title=\"Facebook\" aria-label=\"facebook\" target=\"_blank\" rel=\"noopener noreferrer\" href=\"https:\/\/www.facebook.com\/XjenzaMalta\/\"><\/a><a class=\"fusion-social-network-icon fusion-tooltip fusion-twitter awb-icon-twitter\" style=\"color:#000000;font-size:24px;\" data-placement=\"top\" data-title=\"X\" data-toggle=\"tooltip\" title=\"X\" aria-label=\"twitter\" target=\"_blank\" rel=\"noopener noreferrer\" href=\"https:\/\/x.com\/mt_mcst\"><\/a><a class=\"fusion-social-network-icon fusion-tooltip fusion-mail awb-icon-mail\" style=\"color:#000000;font-size:24px;\" data-placement=\"top\" data-title=\"Email\" data-toggle=\"tooltip\" title=\"Email\" aria-label=\"mail\" target=\"_blank\" rel=\"noopener noreferrer\" href=\"mailto:&#105;&#110;&#102;&#111;.&#120;j&#101;n&#122;&#097;m&#097;&#108;ta&#064;&#103;o&#118;&#046;&#109;&#116;\"><\/a><a class=\"fusion-social-network-icon fusion-tooltip fusion-linkedin awb-icon-linkedin\" style=\"color:#0077b5;font-size:24px;\" data-placement=\"top\" data-title=\"LinkedIn\" data-toggle=\"tooltip\" title=\"LinkedIn\" aria-label=\"linkedin\" target=\"_blank\" rel=\"noopener noreferrer\" href=\"https:\/\/www.linkedin.com\/company\/xjenza-malta\/posts\/?feedView=all\"><\/a><\/div><\/div><\/div><\/div><\/div><div class=\"fusion-layout-column fusion_builder_column fusion-builder-column-2 fusion_builder_column_1_6 1_6 fusion-flex-column\" style=\"--awb-bg-size:cover;--awb-width-large:16.666666666667%;--awb-margin-top-large:0px;--awb-spacing-right-large:11.52%;--awb-margin-bottom-large:20px;--awb-spacing-left-large:11.52%;--awb-width-medium:100%;--awb-order-medium:0;--awb-spacing-right-medium:1.92%;--awb-spacing-left-medium:1.92%;--awb-width-small:100%;--awb-order-small:0;--awb-spacing-right-small:1.92%;--awb-spacing-left-small:1.92%;\"><div class=\"fusion-column-wrapper fusion-column-has-shadow fusion-flex-justify-content-flex-start fusion-content-layout-column\"><\/div><\/div><\/div><\/div>","protected":false},"excerpt":{"rendered":"","protected":false},"author":1,"featured_media":0,"parent":4688,"menu_order":0,"comment_status":"closed","ping_status":"closed","template":"100-width.php","meta":{"footnotes":""},"class_list":["post-5793","page","type-page","status-publish","hentry"],"_links":{"self":[{"href":"https:\/\/xjenzamalta.mt\/mt\/wp-json\/wp\/v2\/pages\/5793","targetHints":{"allow":["GET"]}}],"collection":[{"href":"https:\/\/xjenzamalta.mt\/mt\/wp-json\/wp\/v2\/pages"}],"about":[{"href":"https:\/\/xjenzamalta.mt\/mt\/wp-json\/wp\/v2\/types\/page"}],"author":[{"embeddable":true,"href":"https:\/\/xjenzamalta.mt\/mt\/wp-json\/wp\/v2\/users\/1"}],"replies":[{"embeddable":true,"href":"https:\/\/xjenzamalta.mt\/mt\/wp-json\/wp\/v2\/comments?post=5793"}],"version-history":[{"count":26,"href":"https:\/\/xjenzamalta.mt\/mt\/wp-json\/wp\/v2\/pages\/5793\/revisions"}],"predecessor-version":[{"id":8350,"href":"https:\/\/xjenzamalta.mt\/mt\/wp-json\/wp\/v2\/pages\/5793\/revisions\/8350"}],"up":[{"embeddable":true,"href":"https:\/\/xjenzamalta.mt\/mt\/wp-json\/wp\/v2\/pages\/4688"}],"wp:attachment":[{"href":"https:\/\/xjenzamalta.mt\/mt\/wp-json\/wp\/v2\/media?parent=5793"}],"curies":[{"name":"wp","href":"https:\/\/api.w.org\/{rel}","templated":true}]}}