{"id":6269,"date":"2024-11-15T13:51:34","date_gmt":"2024-11-15T13:51:34","guid":{"rendered":"https:\/\/xjenzamalta.mt\/?page_id=6269"},"modified":"2025-09-29T12:50:01","modified_gmt":"2025-09-29T12:50:01","slug":"ri-expo","status":"publish","type":"page","link":"https:\/\/xjenzamalta.mt\/mt\/ri-expo\/","title":{"rendered":"ESPO\u017bIZZJONI R&amp;I 2024"},"content":{"rendered":"<p><strong>Showcasing Groundbreaking Research and Innovation fi Xjenza Malta<\/strong><\/p>\n<p>L-EXPO 2024 ospitata minn Xjenza Malta enfasizzat ri\u010berka avvanzata u avvanzi teknolo\u0121i\u010bi f\u2019oqsma varji b\u0127as-sostenibbilt\u00e0, il-kura tas-sa\u0127\u0127a, il-manifattura intelli\u0121enti, u l-avjazzjoni. L-avveniment, li sar fis-Sala tal-Planetarium, offra pjattaforma g\u0127all-esperti biex jaqsmu s-soluzzjonijiet innovattivi tag\u0127hom u jiddiskutu r-rwol trasformattiv tax-xjenza u t-teknolo\u0121ija fit-tiswir tal-futur.<\/p>\n<p>Hawn ta\u0127t hawn xi pro\u0121etti ewlenin dehru fl-EXPO:<\/p>\n<p><strong>AIRSAVE<\/strong> (Sostenibbilt\u00e0)<\/p>\n<p>Investigatur Prin\u010bipali: Prof. Ing. Pawlu Refalo<br \/>\nSistema mmexxija mill-IoT u l-AI li tottimizza s-sistemi pnewmati\u010bi fil-manifattura, u tnaqqas il-konsum tal-ener\u0121ija b'20%.<\/p>\n<p class=\"translation-block\"><strong>VAKWU<\/strong> (Manifattura Intelli\u0121enti)<\/p>\n<p>Investigatur Prin\u010bipali: Prof. Arif Rochman<br \/>\nSistema tal-vakwu g\u0127all-iffurmar tal-injezzjoni tal-plastik li ttejjeb l-effi\u010bjenza u tnaqqas il-konsum tal-ener\u0121ija.<\/p>\n<p><strong>FACELIFT<\/strong> (Teknolo\u0121iji Di\u0121itali)<\/p>\n<p>Investigaturi Prin\u010bipali: Prof Adrian Muscat \/ Dr Marc Tanti<br \/>\n\u0120enerazzjoni ta' imma\u0121ni tal-wi\u010b\u010b im\u0127addma bl-AI minn deskrizzjonijiet tat-test, b'editjar f'\u0127in reali permezz ta' app \u017cviluppata ma' Threls Ltd.<\/p>\n<p><strong>MALTAKNEE<\/strong> (Sa\u0127\u0127a u Benessri)<\/p>\n<p>Investigatur Prin\u010bipali: Prof Pierre Schembri-Wismayer<br \/>\nImpjant ta 'l-irkoppa ddisinjat g\u0127al pazjenti bl-artrite li jimita l-qarqu\u010ba, li joffri ser\u0127an mill-u\u0121ig\u0127 u jnaqqas il-\u0127tie\u0121a g\u0127al kirur\u0121ija ta' sostituzzjoni ta 'l-irkoppa.<\/p>\n<p><strong>PERDEMON<\/strong><\/p>\n<p>Investigatur Prin\u010bipali: Prof Joseph Caruana<br \/>\nSistema li tippersonalizza l-iskedi tad-dekompressjoni g\u0127all-g\u0127addasa, billi tu\u017ca data fi\u017cjolo\u0121ika f'\u0127in reali biex timminimizza r-riskju ta 'mard tad-dekompressjoni.<\/p>\n<p class=\"translation-block\"><strong>PAGA<\/strong> (Avjazzjoni u Ajruspazju)<\/p>\n<p>Investigatur Prin\u010bipali: Prof Robert Camilleri<br \/>\nAnali\u017ci tad-dejta tat-titjir im\u0127addma bl-AI li tiskopri anomaliji f'\u0127in reali, u ttejjeb is-sikurezza tat-titjir.<\/p>\n<p><strong>SMARTCLAP<\/strong>\/ <strong>DigiClap<\/strong> (Sa\u0127\u0127a u Benessri)<\/p>\n<p>Investigatur Prin\u010bipali: Prof. Ing. Philip Farrugia<br \/>\nApparat li jintlibes li jg\u0127in lit-tfal b'parali\u017ci \u010berebrali jtejbu l-\u0127iliet tal-idejn permezz ta 'terapija ta' Realt\u00e0 Awmentata (AR).<\/p>\n<p><strong>ICECAP <\/strong>(Manifattura b'Valur Mi\u017cjud G\u0127oli)<\/p>\n<p>Investigatur Prin\u010bipali: Is-Sur Andre Micallef<br \/>\nSistema ta 'tkessi\u0127 kompatta u effi\u010bjenti g\u0127all-elettronika portabbli, ideali g\u0127al applikazzjonijiet b\u0127al kameras b'velo\u010bit\u00e0 g\u0127olja u trasport tal-va\u010b\u010bini.<\/p>\n<p><strong>ASTREA<\/strong> (Avjazzjoni u Ajruspazju)<\/p>\n<p>Investigatur Prin\u010bipali: Prof. Ing. Marc Anthony Azzopardi<br \/>\nPicoSatellites minjaturizzati li jnaqqsu l-ispejje\u017c u jindirizzaw id-debris spazjali g\u0127al missjonijiet spazjali bi prezz baxx.<\/p>\n<p><strong>VOLARE<\/strong> (Teknolo\u0121iji Di\u0121itali)<\/p>\n<p>Investigatur Prin\u010bipali: Prof Johann Briffa<br \/>\nG\u0127odda g\u0127al post-produzzjoni tal-films aktar mg\u0127a\u0121\u0121la bl-u\u017cu ta 'fotografija ta' kamp \u0127afif biex tissimplifika t-tne\u0127\u0127ija tal-isfond.<\/p>\n<p><strong>CIXT BEEPOLL<\/strong> (Teknolo\u0121iji Di\u0121itali)<\/p>\n<p>Investigatur Prin\u010bipali: Is-Sur Steve Zerafa<br \/>\nPro\u0121ett li ju\u017ca data satellitari u sensuri IoT biex jimmonitorja s-sa\u0127\u0127a tan-na\u0127al tal-g\u0127asel, u jg\u0127in fl-isforzi tal-bijodiversit\u00e0.<\/p>\n<p><strong>PROFIUS<\/strong> (Sostenibbilt\u00e0)<\/p>\n<p>Investigatur Prin\u010bipali: Dr Simona Paolacci<br \/>\nIt-tibdil tal-flussi sekondarji tat-tonn f'g\u0127alf tal-\u0127ut sostenibbli, il-promozzjoni ta' prattiki tal-ekonomija \u010birkolari fl-akkwakultura.<\/p>\n<p><strong>MEDWET<\/strong> (Sostenibbilt\u00e0)<\/p>\n<p>Investigaturi Prin\u010bipali: Is-Sur Malcolm Borg u s-Sur Joseph Piscopo<br \/>\nSoluzzjonijiet ibba\u017cati fuq in-natura g\u0127at-titjib tal-effi\u010bjenza tal-irrigazzjoni fl-agrikoltura tal-Mediterran, inklu\u017ci d-desalinizzazzjoni solari u sistemi bba\u017cati fuq it-tafal.<\/p>\n<p><strong>LCeNT <\/strong>(Health &amp; Wellbeing)<\/p>\n<p>Investigaturi Prin\u010bipali : Prof Anthony Fenech &amp; Dr Vanessa Petroni Magro<\/p>\n<p>Appro\u010b\u010b \u0121did g\u0127at-trattament tal-kan\u010ber tal-pulmun ta '\u010belluli mhux \u017cg\u0127ar (NSCLC) billi tg\u0127aqqad medi\u010bini konvenzjonali ma' molekuli ta 'DNA sinteti\u010bi biex jimmiraw \u0121eni kru\u010bjali g\u0127all-progressjoni tat-tumur, li juri weg\u0127da fit-tnaqqis tal-migrazzjoni ta\u010b-\u010belluli, il-vijabbilt\u00e0 u l-metastasi filwaqt li timminimizza t-tossi\u010bit\u00e0 g\u0127al \u010belluli b'sa\u0127\u0127ithom.<\/p>\n<p><strong>AMBULANT <\/strong>(Teknolo\u0121ija tal-Ba\u0127ar)<\/p>\n<p>Investigatur Prin\u010bipali: Dr Massimo Pierucci<br \/>\nTeknolo\u0121iji innovattivi mfassla biex itejbu l-effi\u010bjenza u s-sikurezza tal-ener\u0121ija fl-industrija marittima.<\/p>\n<p><strong>BIMA<\/strong> (Teknolo\u0121ija tal-Ba\u0127ar)<\/p>\n<p>Investigatur Prin\u010bipali: Prof. Ing. Mario Farrugia<br \/>\nIr-ri\u010berka ffukat fuq it-titjib tal-effi\u010bjenza tal-magni fl-industrija marittima biex jitnaqqsu l-emissjonijiet u l-ispejje\u017c operattivi.<\/p>\n<p><strong>CHI MA HAEM NET<\/strong> (Sa\u0127\u0127a u Benessri)<\/p>\n<p>Investigatur Prin\u010bipali: Prof Alexander Gatt<br \/>\nRi\u010berka innovattiva dwar it-trattamenti tal-Emofilja, inklu\u017ca kura personalizzata u studji dwar \u0127sara fil-\u0121ogi.<\/p>\n<p>L-EXPO kienet vetrina dinamika ta\u2019 pro\u0121etti innovattivi li qed isawru l-futur tax-xjenza u t-teknolo\u0121ija. Il-kollaborazzjonijiet interdixxiplinari murija wrew il-qawwa tal-innovazzjoni fl-indirizzar tal-isfidi globali. Xjenza Malta tibqa\u2019 impenjata li tappo\u0121\u0121ja u tippromwovi dawn l-avvanzi, u nistennew bil-\u0127erqa avvenimenti futuri u kollaborazzjoni kontinwa ma\u2019 ri\u010berkaturi u istituzzjonijiet.<\/p>\n<p>Oqg\u0127od attent g\u0127al avvenimenti u a\u0121\u0121ornamenti futuri hekk kif inkomplu nappo\u0121\u0121aw u nippromwovu x-xjenza, l-innovazzjoni, u l-avvanz teknolo\u0121iku f\u2019Xjenza Malta.<\/p>\n<p><img decoding=\"async\" class=\"lazyload wp-image-6382 alignleft\" src=\"https:\/\/xjenzamalta.mt\/wp-content\/uploads\/2024\/12\/1-300x204.jpg\" data-orig-src=\"https:\/\/xjenzamalta.mt\/wp-content\/uploads\/2024\/12\/1-300x204.jpg\" alt=\"\" width=\"461\" height=\"313\" srcset=\"data:image\/svg+xml,%3Csvg%20xmlns%3D%27http%3A%2F%2Fwww.w3.org%2F2000%2Fsvg%27%20width%3D%27461%27%20height%3D%27313%27%20viewBox%3D%270%200%20461%20313%27%3E%3Crect%20width%3D%27461%27%20height%3D%27313%27%20fill-opacity%3D%220%22%2F%3E%3C%2Fsvg%3E\" data-srcset=\"https:\/\/xjenzamalta.mt\/wp-content\/uploads\/2024\/12\/1-200x136.jpg 200w, https:\/\/xjenzamalta.mt\/wp-content\/uploads\/2024\/12\/1-300x204.jpg 300w, https:\/\/xjenzamalta.mt\/wp-content\/uploads\/2024\/12\/1-400x272.jpg 400w, https:\/\/xjenzamalta.mt\/wp-content\/uploads\/2024\/12\/1-600x407.jpg 600w, https:\/\/xjenzamalta.mt\/wp-content\/uploads\/2024\/12\/1-768x521.jpg 768w, https:\/\/xjenzamalta.mt\/wp-content\/uploads\/2024\/12\/1-800x543.jpg 800w, https:\/\/xjenzamalta.mt\/wp-content\/uploads\/2024\/12\/1-1024x695.jpg 1024w, https:\/\/xjenzamalta.mt\/wp-content\/uploads\/2024\/12\/1-1200x815.jpg 1200w, https:\/\/xjenzamalta.mt\/wp-content\/uploads\/2024\/12\/1-1536x1043.jpg 1536w\" data-sizes=\"auto\" data-orig-sizes=\"(max-width: 461px) 100vw, 461px\" \/><\/p>\n<p><img decoding=\"async\" class=\"lazyload wp-image-6387 alignright\" src=\"https:\/\/xjenzamalta.mt\/wp-content\/uploads\/2024\/12\/6-300x201.jpg\" data-orig-src=\"https:\/\/xjenzamalta.mt\/wp-content\/uploads\/2024\/12\/6-300x201.jpg\" alt=\"\" width=\"461\" height=\"309\" srcset=\"data:image\/svg+xml,%3Csvg%20xmlns%3D%27http%3A%2F%2Fwww.w3.org%2F2000%2Fsvg%27%20width%3D%27461%27%20height%3D%27309%27%20viewBox%3D%270%200%20461%20309%27%3E%3Crect%20width%3D%27461%27%20height%3D%27309%27%20fill-opacity%3D%220%22%2F%3E%3C%2Fsvg%3E\" data-srcset=\"https:\/\/xjenzamalta.mt\/wp-content\/uploads\/2024\/12\/6-200x134.jpg 200w, https:\/\/xjenzamalta.mt\/wp-content\/uploads\/2024\/12\/6-300x201.jpg 300w, https:\/\/xjenzamalta.mt\/wp-content\/uploads\/2024\/12\/6-400x268.jpg 400w, https:\/\/xjenzamalta.mt\/wp-content\/uploads\/2024\/12\/6-600x401.jpg 600w, https:\/\/xjenzamalta.mt\/wp-content\/uploads\/2024\/12\/6-768x514.jpg 768w, https:\/\/xjenzamalta.mt\/wp-content\/uploads\/2024\/12\/6-800x535.jpg 800w, https:\/\/xjenzamalta.mt\/wp-content\/uploads\/2024\/12\/6-1024x685.jpg 1024w, https:\/\/xjenzamalta.mt\/wp-content\/uploads\/2024\/12\/6-1200x803.jpg 1200w, https:\/\/xjenzamalta.mt\/wp-content\/uploads\/2024\/12\/6-1536x1027.jpg 1536w\" data-sizes=\"auto\" data-orig-sizes=\"(max-width: 461px) 100vw, 461px\" \/><\/p>\n<p>&nbsp;<\/p>\n<p>&nbsp;<\/p>\n<p><img decoding=\"async\" class=\"lazyload wp-image-6386 alignright\" src=\"https:\/\/xjenzamalta.mt\/wp-content\/uploads\/2024\/12\/5-300x202.jpg\" data-orig-src=\"https:\/\/xjenzamalta.mt\/wp-content\/uploads\/2024\/12\/5-300x202.jpg\" alt=\"\" width=\"461\" height=\"310\" srcset=\"data:image\/svg+xml,%3Csvg%20xmlns%3D%27http%3A%2F%2Fwww.w3.org%2F2000%2Fsvg%27%20width%3D%27461%27%20height%3D%27310%27%20viewBox%3D%270%200%20461%20310%27%3E%3Crect%20width%3D%27461%27%20height%3D%27310%27%20fill-opacity%3D%220%22%2F%3E%3C%2Fsvg%3E\" data-srcset=\"https:\/\/xjenzamalta.mt\/wp-content\/uploads\/2024\/12\/5-200x135.jpg 200w, https:\/\/xjenzamalta.mt\/wp-content\/uploads\/2024\/12\/5-300x202.jpg 300w, https:\/\/xjenzamalta.mt\/wp-content\/uploads\/2024\/12\/5-400x270.jpg 400w, https:\/\/xjenzamalta.mt\/wp-content\/uploads\/2024\/12\/5-600x405.jpg 600w, https:\/\/xjenzamalta.mt\/wp-content\/uploads\/2024\/12\/5-768x518.jpg 768w, https:\/\/xjenzamalta.mt\/wp-content\/uploads\/2024\/12\/5-800x540.jpg 800w, https:\/\/xjenzamalta.mt\/wp-content\/uploads\/2024\/12\/5-1024x691.jpg 1024w, https:\/\/xjenzamalta.mt\/wp-content\/uploads\/2024\/12\/5-1200x810.jpg 1200w, https:\/\/xjenzamalta.mt\/wp-content\/uploads\/2024\/12\/5-1536x1036.jpg 1536w\" data-sizes=\"auto\" data-orig-sizes=\"(max-width: 461px) 100vw, 461px\" \/><img decoding=\"async\" class=\"lazyload wp-image-6385 alignleft\" src=\"https:\/\/xjenzamalta.mt\/wp-content\/uploads\/2024\/12\/4-300x215.jpg\" data-orig-src=\"https:\/\/xjenzamalta.mt\/wp-content\/uploads\/2024\/12\/4-300x215.jpg\" alt=\"\" width=\"461\" height=\"330\" srcset=\"data:image\/svg+xml,%3Csvg%20xmlns%3D%27http%3A%2F%2Fwww.w3.org%2F2000%2Fsvg%27%20width%3D%27461%27%20height%3D%27330%27%20viewBox%3D%270%200%20461%20330%27%3E%3Crect%20width%3D%27461%27%20height%3D%27330%27%20fill-opacity%3D%220%22%2F%3E%3C%2Fsvg%3E\" data-srcset=\"https:\/\/xjenzamalta.mt\/wp-content\/uploads\/2024\/12\/4-200x143.jpg 200w, https:\/\/xjenzamalta.mt\/wp-content\/uploads\/2024\/12\/4-300x214.jpg 300w, https:\/\/xjenzamalta.mt\/wp-content\/uploads\/2024\/12\/4-400x287.jpg 400w, https:\/\/xjenzamalta.mt\/wp-content\/uploads\/2024\/12\/4-600x430.jpg 600w, https:\/\/xjenzamalta.mt\/wp-content\/uploads\/2024\/12\/4-768x550.jpg 768w, https:\/\/xjenzamalta.mt\/wp-content\/uploads\/2024\/12\/4-800x573.jpg 800w, https:\/\/xjenzamalta.mt\/wp-content\/uploads\/2024\/12\/4-1024x733.jpg 1024w, https:\/\/xjenzamalta.mt\/wp-content\/uploads\/2024\/12\/4-1200x860.jpg 1200w, https:\/\/xjenzamalta.mt\/wp-content\/uploads\/2024\/12\/4-1536x1100.jpg 1536w, https:\/\/xjenzamalta.mt\/wp-content\/uploads\/2024\/12\/4-scaled.jpg 2560w\" data-sizes=\"auto\" data-orig-sizes=\"(max-width: 461px) 100vw, 461px\" \/><\/p>\n<p>&nbsp;<\/p>\n<p>&nbsp;<\/p>\n<p>&nbsp;<\/p>\n<p>&nbsp;<\/p>\n<p>&nbsp;<\/p>\n<p>&nbsp;<\/p>\n<p>&nbsp;<\/p>\n<p>&nbsp;<\/p>\n<p>&nbsp;<\/p>\n<p>&nbsp;<\/p>","protected":false},"excerpt":{"rendered":"<p>Showcasing Groundbreaking Research and Innovation at Xjenza Malta The 2024 EXPO hosted by Xjenza Malta highlighted cutting-edge research and technological advancements across diverse fields like sustainability, healthcare, smart manufacturing, and aviation. The event, held at the Planetarium Hall, offered a platform for experts to share their innovative solutions and discuss the transformative role of science<\/p>","protected":false},"author":10,"featured_media":0,"parent":0,"menu_order":0,"comment_status":"closed","ping_status":"closed","template":"","meta":{"footnotes":""},"class_list":["post-6269","page","type-page","status-publish","hentry"],"_links":{"self":[{"href":"https:\/\/xjenzamalta.mt\/mt\/wp-json\/wp\/v2\/pages\/6269","targetHints":{"allow":["GET"]}}],"collection":[{"href":"https:\/\/xjenzamalta.mt\/mt\/wp-json\/wp\/v2\/pages"}],"about":[{"href":"https:\/\/xjenzamalta.mt\/mt\/wp-json\/wp\/v2\/types\/page"}],"author":[{"embeddable":true,"href":"https:\/\/xjenzamalta.mt\/mt\/wp-json\/wp\/v2\/users\/10"}],"replies":[{"embeddable":true,"href":"https:\/\/xjenzamalta.mt\/mt\/wp-json\/wp\/v2\/comments?post=6269"}],"version-history":[{"count":19,"href":"https:\/\/xjenzamalta.mt\/mt\/wp-json\/wp\/v2\/pages\/6269\/revisions"}],"predecessor-version":[{"id":7701,"href":"https:\/\/xjenzamalta.mt\/mt\/wp-json\/wp\/v2\/pages\/6269\/revisions\/7701"}],"wp:attachment":[{"href":"https:\/\/xjenzamalta.mt\/mt\/wp-json\/wp\/v2\/media?parent=6269"}],"curies":[{"name":"wp","href":"https:\/\/api.w.org\/{rel}","templated":true}]}}