{"id":6807,"date":"2025-02-12T07:15:58","date_gmt":"2025-02-12T07:15:58","guid":{"rendered":"https:\/\/xjenzamalta.mt\/?page_id=6807"},"modified":"2026-04-22T13:41:02","modified_gmt":"2026-04-22T13:41:02","slug":"resources-page","status":"publish","type":"page","link":"https:\/\/xjenzamalta.mt\/mt\/resources-page\/","title":{"rendered":"Pa\u0121na Tar-Ri\u017corsi"},"content":{"rendered":"<p><div class=\"fusion-fullwidth fullwidth-box fusion-builder-row-1 fusion-flex-container nonhundred-percent-fullwidth non-hundred-percent-height-scrolling\" style=\"--awb-border-radius-top-left:0px;--awb-border-radius-top-right:0px;--awb-border-radius-bottom-right:0px;--awb-border-radius-bottom-left:0px;--awb-flex-wrap:wrap;\" ><div class=\"fusion-builder-row fusion-row fusion-flex-align-items-flex-start fusion-flex-content-wrap\" style=\"max-width:1216.8px;margin-left: calc(-4% \/ 2 );margin-right: calc(-4% \/ 2 );\"><div class=\"fusion-layout-column fusion_builder_column fusion-builder-column-0 fusion_builder_column_1_1 1_1 fusion-flex-column\" style=\"--awb-bg-blend:overlay;--awb-bg-size:cover;--awb-width-large:100%;--awb-margin-top-large:0px;--awb-spacing-right-large:1.92%;--awb-margin-bottom-large:0px;--awb-spacing-left-large:1.92%;--awb-width-medium:100%;--awb-spacing-right-medium:1.92%;--awb-spacing-left-medium:1.92%;--awb-width-small:100%;--awb-spacing-right-small:1.92%;--awb-spacing-left-small:1.92%;\"><div class=\"fusion-column-wrapper fusion-flex-justify-content-flex-start fusion-content-layout-column\"><div class=\"fusion-text fusion-text-1\"><p class=\"translation-block\">Il-pa\u0121na tar-Ri\u017corsi tipprovdi mudelli essenzjali g\u0127all- Annessi , li l-applikanti g\u0127andhom ju\u017caw biex jissottomettu proposti kompluti u konformi, ibba\u017cati fuq ir-rotta ta\u2019 finanzjament eli\u0121ibbli mag\u0127\u017cula tag\u0127hom, u skont ir-Regoli rilevanti g\u0127all-Parte\u010bipazzjoni u t-testi tas-Sej\u0127a.<\/p>\n<p>Il-benefi\u010bjarji ta' pro\u0121etti mog\u0127tija wkoll jistg\u0127u ja\u010b\u010bessaw mudelli ta' rappurtar, materjal ta' komunikazzjoni, u ri\u017corsi o\u0127ra biex ji\u017cguraw konformit\u00e0 mar-Regoli ta' Parte\u010bipazzjoni u Ftehim ta' G\u0127otja, meta jissottomettu r-ri\u017cultati ta' rappurtar obbligatorji. Il-mudelli huma applikabbli g\u0127al pro\u0121etti ming\u0127ajr Stadji.<\/p>\n<p><em>Ikkuntattja l-punt ta' kuntatt tieg\u0127ek ta' Xjenza Malta biex ti\u017cgura li l-mudelli f'din il-pa\u0121na tar-ri\u017corsi huma rilevanti g\u0127all-pro\u0121ett tieg\u0127ek.<\/em><\/p>\n<\/div>\n<div class=\"table-1\">\n<h3 style=\"text-align: center;\"><b>Ri\u017corsi g\u0127all-Applikazzjoni<\/b><\/h3>\n<table width=\"100%\">\n<thead>\n<tr>\n<th align=\"left\">Dokumenti g\u0127all-Applikanti tal-Artikolu 25 tal-GBER<\/th>\n<th align=\"left\">Dokumenti g\u0127all-Applikanti De Minimis<\/th>\n<\/tr>\n<\/thead>\n<tbody>\n<tr>\n<td align=\"left\">\n<ul>\n<li><span style=\"font-family: inherit; font-size: inherit;\"><a href=\"https:\/\/xjenzamalta.mt\/wp-content\/uploads\/2026\/01\/Size-Declaration-Undertaking-in-Difficulty.xlsx\" target=\"_blank\" rel=\"noopener\">Ni\u017c\u017cel id-Dikjarazzjoni tad-Daqs u l-Impenn f'Diffikult\u00e0 GBER<\/a> <\/span><\/li>\n<li><a href=\"https:\/\/xjenzamalta.mt\/wp-content\/uploads\/2026\/02\/Annex-GBER-Declaration-on-Augmented-Aid-Intensity.docx\" target=\"_blank\" rel=\"noopener\">Ni\u017c\u017cel l-Anness (Dikjarazzjoni tal-GBER dwar l-Intensit\u00e0 ta' G\u0127ajnuna Mg\u0127ollija)<\/a><\/li>\n<li><a href=\"https:\/\/xjenzamalta.mt\/wp-content\/uploads\/2025\/02\/Detailed-Budget-Breakdown-Form.xlsx\" target=\"_blank\" rel=\"noopener\">Ni\u017c\u017cel il-Formola ta' Tqassim Dettaljat tal-Ba\u0121it<\/a><\/li>\n<\/ul>\n<\/td>\n<td align=\"left\">\n<ul>\n<li>\u00a0<a href=\"https:\/\/xjenzamalta.mt\/wp-content\/uploads\/2026\/01\/Annex-De-minimis-Declaration.docx\">Ni\u017c\u017cel l-Anness Dikjarazzjoni De-minimis<\/a><\/li>\n<li><a href=\"https:\/\/xjenzamalta.mt\/wp-content\/uploads\/2025\/02\/Detailed-Budget-Breakdown-Form-1.xlsx\">Ni\u017c\u017cel il-Formola ta' Tqassim Dettaljat tal-Ba\u0121it<\/a><\/li>\n<\/ul>\n<\/td>\n<\/tr>\n<tr>\n<td align=\"left\">Document for Non-state Aid Applicants<\/td>\n<td align=\"left\">Additional Material<\/td>\n<\/tr>\n<tr>\n<td align=\"left\">\n<ul>\n<li>\u00a0<a href=\"https:\/\/xjenzamalta.mt\/wp-content\/uploads\/2025\/10\/Annex-Public-Entities-not-RKDO-FINAL.docx\" target=\"_blank\" rel=\"noopener\">Ni\u017c\u017cel l-Anness (Entitajiet Pubbli\u010bi mhux RKDO)<\/a><\/li>\n<\/ul>\n<ul>\n<li>\u00a0<a href=\"https:\/\/xjenzamalta.mt\/wp-content\/uploads\/2025\/10\/Annex-Public-Entities-RKDO-FINAL.docx\" target=\"_blank\" rel=\"noopener\">Ni\u017c\u017cel l-Anness (Entitajiet Pubbli\u010bi RKDO)<\/a><\/li>\n<\/ul>\n<ul>\n<li><a href=\"https:\/\/xjenzamalta.mt\/wp-content\/uploads\/2025\/02\/Detailed-Budget-Breakdown-Form-1.xlsx\">Ni\u017c\u017cel il-Formola ta' Tqassim Dettaljat tal-Ba\u0121it<\/a><\/li>\n<\/ul>\n<\/td>\n<td align=\"left\">\n<ul>\n<li><a href=\"https:\/\/xjenzamalta.mt\/wp-content\/uploads\/2025\/02\/Scientific-Areas-as-Specific-Areas-of-Research.docx\">Ni\u017c\u017cel l-Oqsma Xjentifi\u010bi b\u0127ala Oqsma Spe\u010bifi\u010bi ta' Ri\u010berka<\/a><\/li>\n<li><a href=\"https:\/\/xjenzamalta.mt\/wp-content\/uploads\/2025\/03\/Technology-Readiness-Levels-1.pdf\">Ni\u017c\u017cel il-Livelli ta' Prontezza g\u0127at-Teknolo\u0121ija 1<\/a><\/li>\n<\/ul>\n<\/td>\n<\/tr>\n<\/tbody>\n<\/table>\n<\/div>\n<div class=\"fusion-separator fusion-full-width-sep\" style=\"align-self: center;margin-left: auto;margin-right: auto;width:100%;\"><div class=\"fusion-separator-border sep-double\" style=\"--awb-height:20px;--awb-amount:20px;border-color:var(--awb-color2);border-top-width:1px;border-bottom-width:1px;\"><\/div><\/div><\/div><\/div><\/div><\/div><div class=\"fusion-fullwidth fullwidth-box fusion-builder-row-2 fusion-flex-container nonhundred-percent-fullwidth non-hundred-percent-height-scrolling\" style=\"--awb-border-radius-top-left:0px;--awb-border-radius-top-right:0px;--awb-border-radius-bottom-right:0px;--awb-border-radius-bottom-left:0px;--awb-flex-wrap:wrap;\" ><div class=\"fusion-builder-row fusion-row fusion-flex-align-items-flex-start fusion-flex-content-wrap\" style=\"max-width:1216.8px;margin-left: calc(-4% \/ 2 );margin-right: calc(-4% \/ 2 );\"><div class=\"fusion-layout-column fusion_builder_column fusion-builder-column-1 fusion_builder_column_1_1 1_1 fusion-flex-column\" style=\"--awb-bg-blend:overlay;--awb-bg-size:cover;--awb-width-large:100%;--awb-margin-top-large:0px;--awb-spacing-right-large:1.92%;--awb-margin-bottom-large:0px;--awb-spacing-left-large:1.92%;--awb-width-medium:100%;--awb-spacing-right-medium:1.92%;--awb-spacing-left-medium:1.92%;--awb-width-small:100%;--awb-spacing-right-small:1.92%;--awb-spacing-left-small:1.92%;\"><div class=\"fusion-column-wrapper fusion-flex-justify-content-flex-start fusion-content-layout-column\">\n<div class=\"table-1\">\n<p>&nbsp;<\/p>\n<h3 style=\"text-align: center;\"><b>Ri\u017corsi g\u0127all-Benefi\u010bjarji<\/b><\/h3>\n<table width=\"100%\">\n<thead>\n<tr>\n<th align=\"left\">Rapporti Tekni\u010bi<\/th>\n<th align=\"left\">Rapporti Finanzjarji u Dokumenti ta' Appo\u0121\u0121<\/th>\n<\/tr>\n<\/thead>\n<tbody>\n<tr>\n<td align=\"left\">\n<ul>\n<li><a href=\"https:\/\/xjenzamalta.mt\/wp-content\/uploads\/2025\/02\/Interim-Technical-Report.doc\">Ni\u017c\u017cel ir-Rapport Tekniku Interim<\/a><\/li>\n<li><a href=\"https:\/\/xjenzamalta.mt\/wp-content\/uploads\/2025\/02\/End-of-Project-Technical-Report.doc\">Ni\u017c\u017cel ir-Rapport Tekniku tat-Tmiem tal-Pro\u0121ett<\/a><\/li>\n<\/ul>\n<\/td>\n<td align=\"left\">\n<ul>\n<li><a href=\"https:\/\/xjenzamalta.mt\/wp-content\/uploads\/2025\/02\/Interim-Financial-Report.xlsx\">Ni\u017c\u017cel ir-Rapport Finanzjarju Interim<\/a><\/li>\n<li><a href=\"https:\/\/xjenzamalta.mt\/wp-content\/uploads\/2025\/02\/Final-Financial-Report-and-Audit.xlsx\">Ni\u017c\u017cel ir-Rapport Finanzjarju Finali u l-Verifika<\/a><\/li>\n<li><a href=\"https:\/\/xjenzamalta.mt\/wp-content\/uploads\/2026\/01\/Audit-Check-List-template.docx\" target=\"_blank\" rel=\"noopener\">Ni\u017c\u017cel il-Lista ta' Kontroll tal-Verifika\u00a0<\/a><\/li>\n<li><a href=\"https:\/\/xjenzamalta.mt\/wp-content\/uploads\/2025\/02\/Inventory-List-Template.docx\">Ni\u017c\u017cel il-Mudell tal-Lista tal-Inventarju<\/a><\/li>\n<\/ul>\n<\/td>\n<\/tr>\n<tr>\n<td align=\"left\">Dokumenti o\u0127ra ta' Rapport<\/td>\n<td align=\"left\">Mudelli o\u0127ra<\/td>\n<\/tr>\n<tr>\n<td align=\"left\">\n<ul>\n<li><a href=\"https:\/\/xjenzamalta.mt\/wp-content\/uploads\/2025\/02\/Final-technical-report-tamplate-PTMA.docx\">Ni\u017c\u017cel il-mudell tar-rapport tekniku finali g\u0127all-PTMA<\/a><\/li>\n<li><a href=\"https:\/\/xjenzamalta.mt\/wp-content\/uploads\/2025\/02\/Travel-Report_NET2PRIMA.docx\">Ni\u017c\u017cel ir-Rapport tal-Ivvja\u0121\u0121ar g\u0127al NET2PRIMA<\/a><\/li>\n<li><a href=\"https:\/\/xjenzamalta.mt\/wp-content\/uploads\/2025\/02\/RNS-Financial-Report-and-Template.zip\">Ni\u017c\u017cel ir-rapport finanzjarju RNS u l-mudelli tar-rapport tekniku.<\/a><\/li>\n<li><a href=\"https:\/\/xjenzamalta.mt\/wp-content\/uploads\/2025\/04\/F-SPG-050-Annex-MDIA-Recognition-Suitability-Self-Assessment-1.docx\">Formola ta' Awtovalutazzjoni ta' Rikonoxximent MDIA<\/a><\/li>\n<\/ul>\n<\/td>\n<td align=\"left\">\n<ul>\n<li><a href=\"https:\/\/xjenzamalta.mt\/wp-content\/uploads\/2025\/02\/Jobsplus-Employment-List-template.docx\">Ni\u017c\u017cel il-mudell tal-Lista tal-Impjiegi Jobsplus<\/a><\/li>\n<li><a href=\"https:\/\/xjenzamalta.mt\/wp-content\/uploads\/2025\/02\/Timesheet-Template.xlsx\">Ni\u017c\u017cel il-Mudell tal-Timesheet<\/a><\/li>\n<li>Kwestjonarju tat-Tmiem tal-Pro\u0121ett (Ikkuntattja mal-Punt ta' Kuntatt tieg\u0127ek ta' Xjenza Malta)<\/li>\n<\/ul>\n<\/td>\n<\/tr>\n<\/tbody>\n<\/table>\n<\/div>\n<div class=\"fusion-separator fusion-full-width-sep\" style=\"align-self: center;margin-left: auto;margin-right: auto;width:100%;\"><div class=\"fusion-separator-border sep-double\" style=\"--awb-height:20px;--awb-amount:20px;border-color:var(--awb-color2);border-top-width:1px;border-bottom-width:1px;\"><\/div><\/div><\/div><\/div><\/div><\/div><div class=\"fusion-fullwidth fullwidth-box fusion-builder-row-3 fusion-flex-container nonhundred-percent-fullwidth non-hundred-percent-height-scrolling\" style=\"--awb-border-radius-top-left:0px;--awb-border-radius-top-right:0px;--awb-border-radius-bottom-right:0px;--awb-border-radius-bottom-left:0px;--awb-margin-top:2px;--awb-flex-wrap:wrap;\" ><div class=\"fusion-builder-row fusion-row fusion-flex-align-items-flex-start fusion-flex-content-wrap\" style=\"max-width:1216.8px;margin-left: calc(-4% \/ 2 );margin-right: calc(-4% \/ 2 );\"><div class=\"fusion-layout-column fusion_builder_column fusion-builder-column-2 fusion_builder_column_1_1 1_1 fusion-flex-column\" style=\"--awb-bg-blend:overlay;--awb-bg-size:cover;--awb-width-large:100%;--awb-margin-top-large:0px;--awb-spacing-right-large:1.92%;--awb-margin-bottom-large:0px;--awb-spacing-left-large:1.92%;--awb-width-medium:100%;--awb-spacing-right-medium:1.92%;--awb-spacing-left-medium:1.92%;--awb-width-small:100%;--awb-spacing-right-small:1.92%;--awb-spacing-left-small:1.92%;\"><div class=\"fusion-column-wrapper fusion-flex-justify-content-flex-start fusion-content-layout-column\">\n<div class=\"table-1\">\n<h3 style=\"text-align: center;\"><b>Materjal ta' Komunikazzjoni g\u0127all-Benefi\u010bjarji<\/b><\/h3>\n<table width=\"100%\">\n<thead>\n<tr>\n<th align=\"left\">Xjenza Malta Logos<\/th>\n<th align=\"left\"><strong>Logos o\u0127ra tal-Programm li g\u0127andhom jintu\u017caw skont ir -Regoli Nazzjonali. <\/strong><strong>to be used according to the <\/strong><strong>National Rules. <\/strong><\/th>\n<\/tr>\n<\/thead>\n<tbody>\n<tr>\n<td align=\"left\">\n<ul>\n<li><a href=\"https:\/\/xjenzamalta.mt\/wp-content\/uploads\/2025\/02\/Xjenza-Malta-Brand-Guidelines.pdf\" target=\"_blank\" rel=\"noopener\">Ni\u017c\u017cel il-linji gwida tal-marka Xjenza Malta<\/a><\/li>\n<li><a href=\"https:\/\/xjenzamalta.mt\/wp-content\/uploads\/2025\/10\/Xjenza-Malta-Brand-Assets.pdf\" target=\"_blank\" rel=\"noopener\">Ni\u017c\u017cel Xjenza Malta Brand Assets<\/a><\/li>\n<\/ul>\n<\/td>\n<td align=\"left\">\n<ul>\n<li>Fu\u017cjoni (TBA)<\/li>\n<li><a href=\"https:\/\/xjenzamalta.mt\/wp-content\/uploads\/2025\/02\/PRIMA-LOGO.zip\" target=\"_blank\" rel=\"noopener\">Ni\u017c\u017cel il-logo PRIMA fil-format PNG<\/a><\/li>\n<li><a href=\"https:\/\/xjenzamalta.mt\/wp-content\/uploads\/2025\/02\/EU-Co-Funded-Logo.zip\" target=\"_blank\" rel=\"noopener\">Ni\u017c\u017cel il-Bandiera tal-UE biex tintu\u017ca g\u0127al S\u0127ubiji (PRIMA ukoll) inklu\u017ca l-a\u010b\u010benn kofinanzjat fil-format PNG<\/a><\/li>\n<li><a href=\"https:\/\/xjenzamalta.mt\/wp-content\/uploads\/2026\/01\/JPIO-Logos.zip\" target=\"_blank\" rel=\"noopener\">Ni\u017c\u017cel il-logo JPI Oceans fil-format PNG<\/a><\/li>\n<li><a href=\"https:\/\/xjenzamalta.mt\/wp-content\/uploads\/2025\/02\/CETP-LOGO.zip\" target=\"_blank\" rel=\"noopener\">Ni\u017c\u017cel il-logo ta' S\u0127ubiji ta' Tran\u017cizzjoni ta' Ener\u0121ija Nadifa f'format JPG<\/a><\/li>\n<li><a href=\"https:\/\/xjenzamalta.mt\/wp-content\/uploads\/2025\/02\/SEBP-LOGO.zip\" target=\"_blank\" rel=\"noopener\">Ni\u017c\u017cel il-logo tas-S\u0127ubija g\u0127all-Ekonomija Blu Sostenibbli fil-format JPG<\/a><\/li>\n<li><a href=\"https:\/\/xjenzamalta.mt\/wp-content\/uploads\/2025\/02\/THCS-Logo.zip\" target=\"_blank\" rel=\"noopener\">Download the Transforming Health and Care Systems Partnership logo in PNG format<\/a><\/li>\n<li><a href=\"https:\/\/xjenzamalta.mt\/wp-content\/uploads\/2025\/03\/A2P-logo-01.jpg\" target=\"_blank\" rel=\"noopener\">Download the A2P logo in JPG format\u00a0<\/a><\/li>\n<li><a href=\"https:\/\/xjenzamalta.mt\/wp-content\/uploads\/2026\/01\/OH_AMR_COLOR_TAGLINE_RGB.png\" target=\"_blank\" rel=\"noopener\">Download the European Partnership on One Health Antimicrobial Resistance (OHAMR) logo in PNG format<\/a><\/li>\n<li><a href=\"https:\/\/xjenzamalta.mt\/wp-content\/uploads\/2026\/01\/M-ERA.NET-Logo.jpeg\" target=\"_blank\" rel=\"noopener\">Download the M-ERA.NET logo in JPG format\u00a0<\/a><\/li>\n<li><a href=\"https:\/\/xjenzamalta.mt\/wp-content\/uploads\/2026\/01\/Logo_BrainHealth_positive.png\" target=\"_blank\" rel=\"noopener\">Download The European Partnership for Brain Health (EP BrainHealth) logo in PNG format<\/a><\/li>\n<li><a href=\"https:\/\/xjenzamalta.mt\/wp-content\/uploads\/2026\/04\/SPIRE-logo.png\" target=\"_blank\" rel=\"noopener\">Download the SPIRE logo in PNG format<\/a><\/li>\n<li><a href=\"https:\/\/xjenzamalta.mt\/wp-content\/uploads\/2026\/04\/A2GR-Logo-FINAL-scaled.png\" target=\"_blank\" rel=\"noopener\">Download the A2GR logo in PNG format<\/a><\/li>\n<\/ul>\n<\/td>\n<\/tr>\n<\/tbody>\n<\/table>\n<\/div>\n<\/div><\/div><\/div><\/div><\/p>","protected":false},"excerpt":{"rendered":"","protected":false},"author":10,"featured_media":0,"parent":0,"menu_order":0,"comment_status":"closed","ping_status":"closed","template":"","meta":{"footnotes":""},"class_list":["post-6807","page","type-page","status-publish","hentry"],"_links":{"self":[{"href":"https:\/\/xjenzamalta.mt\/mt\/wp-json\/wp\/v2\/pages\/6807","targetHints":{"allow":["GET"]}}],"collection":[{"href":"https:\/\/xjenzamalta.mt\/mt\/wp-json\/wp\/v2\/pages"}],"about":[{"href":"https:\/\/xjenzamalta.mt\/mt\/wp-json\/wp\/v2\/types\/page"}],"author":[{"embeddable":true,"href":"https:\/\/xjenzamalta.mt\/mt\/wp-json\/wp\/v2\/users\/10"}],"replies":[{"embeddable":true,"href":"https:\/\/xjenzamalta.mt\/mt\/wp-json\/wp\/v2\/comments?post=6807"}],"version-history":[{"count":29,"href":"https:\/\/xjenzamalta.mt\/mt\/wp-json\/wp\/v2\/pages\/6807\/revisions"}],"predecessor-version":[{"id":8556,"href":"https:\/\/xjenzamalta.mt\/mt\/wp-json\/wp\/v2\/pages\/6807\/revisions\/8556"}],"wp:attachment":[{"href":"https:\/\/xjenzamalta.mt\/mt\/wp-json\/wp\/v2\/media?parent=6807"}],"curies":[{"name":"wp","href":"https:\/\/api.w.org\/{rel}","templated":true}]}}